{"id":161,"date":"2021-09-25T12:26:17","date_gmt":"2021-09-25T17:26:17","guid":{"rendered":"https:\/\/amocartagenatour.com\/?post_type=product&#038;p=161"},"modified":"2026-02-17T17:36:38","modified_gmt":"2026-02-17T22:36:38","slug":"amocartagena-com-tours-pasadia-isla-del-pirata-premium","status":"publish","type":"product","link":"https:\/\/amocartagenatour.com\/en\/producto\/amocartagena-com-tours-pasadia-isla-del-pirata-premium\/","title":{"rendered":"Isla del Pirata &#8211; Premium"},"content":{"rendered":"<div class=\"elementor-element elementor-element-0a4c613 elementor-widget elementor-widget-text-editor\" data-id=\"0a4c613\" data-element_type=\"widget\" data-widget_type=\"text-editor.default\">\n<div class=\"elementor-widget-container\">\n<div class=\"elementor-text-editor elementor-clearfix\">\n<p><span style=\"color: #000000;\">The <strong>Pirate Island Hotel<\/strong> It is located on one of the 30 islands that are part of the archipelago and natural park of the Rosario Islands in the Caribbean Sea.<\/span><\/p>\n<p><span style=\"color: #000000;\">We are a hotel to disconnect from urban stress and technology. Here you can enjoy the most crystalline natural pools of the <strong>Colombian Caribbean<\/strong>.<\/span><\/p>\n<p><span style=\"color: #000000;\">We are located within the <strong>National Natural Park The Corals of Rosario and San Bernardo.<\/strong><\/span><\/p>\n<p><span style=\"color: #000000;\">It has an area of \u200b\u200b7,500mts. Square, surrounded by coconut palms and beach uvita trees, protected by the barrier reef of the archipelago.<\/span><\/p>\n<\/div>\n<\/div>\n<\/div>\n<p><iframe title=\"Pirate island\" width=\"900\" height=\"506\" src=\"https:\/\/www.youtube.com\/embed\/HQuKG0v6FTM?feature=oembed\" frameborder=\"0\" allow=\"accelerometer; autoplay; clipboard-write; encrypted-media; gyroscope; picture-in-picture; web-share\" referrerpolicy=\"strict-origin-when-cross-origin\" allowfullscreen><\/iframe><\/p>\n<p><span style=\"color: #000000;\">The park is considered the most valuable underwater set of ecosystems with the highest productivity and biodiversity in the country and the most extensive coral platform in the world.<strong> Colombian continental Caribbean.<\/strong><\/span><\/p>\n<ul>\n<li><span style=\"color: #339966;\"><a style=\"color: #339966;\" href=\"https:\/\/amocartagenatour.com\/en\/categoria-producto\/alquiler-de-botes-deportivos-en-cartagena\/\">Luxury yacht and boat rental for island tours\u00a0<\/a><\/span><\/li>\n<\/ul>\n<p><span style=\"color: #000000;\"><strong>Pirate Island Hotel<\/strong>, a small portion of land surrounded by crystalline natural pools, typical of this park, which, in addition, according to the Ministry of the Environment, one of the most valuable, if not the most valuable, underwater set of ecosystems of the highest productivity and biodiversity, which form the most extensive coral shelf in the <strong>Colombian continental Caribbean<\/strong> with about 420 km2.<\/span><\/p>\n<p><span style=\"color: #000000;\"><strong>INCLUDES<\/strong><\/span><\/p>\n<ul>\n<li>\n<p data-path-to-node=\"10,0,0\"><b data-path-to-node=\"10,0,0\" data-index-in-node=\"0\">Transporte:<\/b> Traslado en lancha r\u00e1pida compartida (capacidad de 30 a 50 pasajeros).<\/p>\n<\/li>\n<li>\n<p data-path-to-node=\"10,1,0\"><b data-path-to-node=\"10,1,0\" data-index-in-node=\"0\">Exclusividad:<\/b> Ba\u00f1o de mar en la Isla del Pirata, zona privada para clientes del club.<\/p>\n<\/li>\n<li>\n<p data-path-to-node=\"10,2,0\"><b data-path-to-node=\"10,2,0\" data-index-in-node=\"0\">Hospitalidad:<\/b> Bebida de bienvenida a tu llegada a la isla.<\/p>\n<\/li>\n<li>\n<p data-path-to-node=\"10,3,0\"><b data-path-to-node=\"10,3,0\" data-index-in-node=\"0\">Alimentaci\u00f3n:<\/b> Almuerzo t\u00edpico cartagenero (opci\u00f3n de pescado frito o pollo).<\/p>\n<\/li>\n<li>\n<p data-path-to-node=\"10,4,0\"><b data-path-to-node=\"10,4,0\" data-index-in-node=\"0\">Comodidad:<\/b> Uso de \u00e1reas sociales con camas playeras y sillas asoleadoras (sujeto a disponibilidad).<\/p>\n<\/li>\n<li>\n<p data-path-to-node=\"10,5,0\"><b data-path-to-node=\"10,5,0\" data-index-in-node=\"0\">Barra Libre:<\/b> C\u00f3cteles ilimitados disponibles desde las 10:00 AM hasta las 2:00 PM.<\/p>\n<\/li>\n<\/ul>\n<p><span style=\"color: #000000;\"><strong>NOT INCLUDE<\/strong><\/span><\/p>\n<ul>\n<li>\n<p data-path-to-node=\"12,0,0\"><b data-path-to-node=\"12,0,0\" data-index-in-node=\"0\">Impuestos:<\/b> Tasa portuaria y seguro m\u00e9dico ($31.500 COP por persona, pago en efectivo).<\/p>\n<\/li>\n<li>\n<p data-path-to-node=\"12,1,0\"><b data-path-to-node=\"12,1,0\" data-index-in-node=\"0\">Entradas:<\/b> Ingreso al Oceanario.<\/p>\n<\/li>\n<li>\n<p data-path-to-node=\"12,2,0\"><b data-path-to-node=\"12,2,0\" data-index-in-node=\"0\">Extras:<\/b> Actividades adicionales o servicios y gastos no especificados en el plan.<\/p>\n<\/li>\n<\/ul>\n<p data-path-to-node=\"12,2,0\"><strong>HORARIOS Y SALIDAS<\/strong><\/p>\n<ul data-path-to-node=\"14\">\n<li>\n<p data-path-to-node=\"14,0,0\"><b data-path-to-node=\"14,0,0\" data-index-in-node=\"0\">D\u00edas de operaci\u00f3n:<\/b> Lunes a Domingo.<\/p>\n<\/li>\n<li>\n<p data-path-to-node=\"14,1,0\"><b data-path-to-node=\"14,1,0\" data-index-in-node=\"0\">Check-in:<\/b> 07:30 AM.<\/p>\n<\/li>\n<li>\n<p data-path-to-node=\"14,2,0\"><b data-path-to-node=\"14,2,0\" data-index-in-node=\"0\">Zarpe:<\/b> Entre 08:00 AM y 08:30 AM.<\/p>\n<\/li>\n<li>\n<p data-path-to-node=\"14,3,0\"><b data-path-to-node=\"14,3,0\" data-index-in-node=\"0\">Regreso:<\/b> Salida de la isla estimada entre 02:30 PM y 03:00 PM.<\/p>\n<\/li>\n<\/ul>\n<h3 data-path-to-node=\"15\"><strong>PUNTO DE ENCUENTRO<\/strong><\/h3>\n<p data-path-to-node=\"16,0,0\"><b data-path-to-node=\"16,0,0\" data-index-in-node=\"0\">Lugar:<\/b> Muelle de La Bodeguita \u2013 Puerta #4.<\/p>\n<p>&nbsp;<\/p>\n<p><span style=\"color: #000000;\"><strong>BOOK YOUR SPACE NOW !!<\/strong><\/span><\/p>","protected":false},"excerpt":{"rendered":"<p>Disfruta de un entorno caribe\u00f1o exclusivo en la Isla del Pirata. Este plan premium incluye transporte, almuerzo t\u00edpico y una incre\u00edble barra libre de c\u00f3cteles.<\/p>","protected":false},"featured_media":1258,"comment_status":"open","ping_status":"closed","template":"","meta":{"_joinchat":[]},"product_brand":[],"product_cat":[133],"product_tag":[271,160,309,311,312,308,310,137,286,303,313,290],"class_list":{"0":"post-161","1":"product","2":"type-product","3":"status-publish","4":"has-post-thumbnail","6":"product_cat-pasadias-clubes-islas-rosario","7":"product_tag-almuerzo-tipico","8":"product_tag-amo-cartagena","9":"product_tag-barra-libre-cartagena","10":"product_tag-cocteles-ilimitados","11":"product_tag-escapada-caribe","12":"product_tag-isla-del-pirata","13":"product_tag-isla-privada","14":"product_tag-islas-del-rosario","15":"product_tag-lancha-rapida","16":"product_tag-pasadia-premium","17":"product_tag-plan-relax-cartagena","18":"product_tag-turismo-exclusivo","20":"first","21":"instock","22":"virtual","23":"purchasable","24":"product-type-simple"},"yoast_head":"<!-- This site is optimized with the Yoast SEO plugin v26.6 - https:\/\/yoast.com\/wordpress\/plugins\/seo\/ -->\n<title>Pasad\u00eda Isla del Pirata Premium | Barra Libre y Exclusividad<\/title>\n<meta name=\"description\" content=\"Hotel Isla del Pirata, una peque\u00f1a porci\u00f3n de tierra rodeada de piscinas naturales cristalinas, piscinas naturales m\u00e1s cristalinas del Caribe colombiano.\" \/>\n<meta name=\"robots\" content=\"index, follow, max-snippet:-1, max-image-preview:large, max-video-preview:-1\" \/>\n<link rel=\"canonical\" href=\"https:\/\/amocartagenatour.com\/en\/producto\/amocartagena-com-tours-pasadia-isla-del-pirata-premium\/\" \/>\n<meta property=\"og:locale\" content=\"en_US\" \/>\n<meta property=\"og:type\" content=\"article\" \/>\n<meta property=\"og:title\" content=\"Pasad\u00eda Isla del Pirata Premium | Barra Libre y Exclusividad\" \/>\n<meta property=\"og:description\" content=\"Hotel Isla del Pirata, una peque\u00f1a porci\u00f3n de tierra rodeada de piscinas naturales cristalinas, piscinas naturales m\u00e1s cristalinas del Caribe colombiano.\" \/>\n<meta property=\"og:url\" content=\"https:\/\/amocartagenatour.com\/en\/producto\/amocartagena-com-tours-pasadia-isla-del-pirata-premium\/\" \/>\n<meta property=\"og:site_name\" content=\"Amo Cartagena Tour Company\" \/>\n<meta property=\"article:modified_time\" content=\"2026-02-17T22:36:38+00:00\" \/>\n<meta property=\"og:image\" content=\"https:\/\/amocartagenatour.com\/wp-content\/uploads\/2022\/04\/Isla-del-pirata.jpg\" \/>\n\t<meta property=\"og:image:width\" content=\"800\" \/>\n\t<meta property=\"og:image:height\" content=\"600\" \/>\n\t<meta property=\"og:image:type\" content=\"image\/jpeg\" \/>\n<meta name=\"twitter:card\" content=\"summary_large_image\" \/>\n<meta name=\"twitter:label1\" content=\"Est. reading time\" \/>\n\t<meta name=\"twitter:data1\" content=\"2 minutes\" \/>\n<script type=\"application\/ld+json\" class=\"yoast-schema-graph\">{\"@context\":\"https:\/\/schema.org\",\"@graph\":[{\"@type\":\"WebPage\",\"@id\":\"https:\/\/amocartagenatour.com\/producto\/amocartagena-com-tours-pasadia-isla-del-pirata-premium\/\",\"url\":\"https:\/\/amocartagenatour.com\/producto\/amocartagena-com-tours-pasadia-isla-del-pirata-premium\/\",\"name\":\"Pasad\u00eda Isla del Pirata Premium | Barra Libre y Exclusividad\",\"isPartOf\":{\"@id\":\"https:\/\/amocartagenatour.com\/#website\"},\"primaryImageOfPage\":{\"@id\":\"https:\/\/amocartagenatour.com\/producto\/amocartagena-com-tours-pasadia-isla-del-pirata-premium\/#primaryimage\"},\"image\":{\"@id\":\"https:\/\/amocartagenatour.com\/producto\/amocartagena-com-tours-pasadia-isla-del-pirata-premium\/#primaryimage\"},\"thumbnailUrl\":\"https:\/\/amocartagenatour.com\/wp-content\/uploads\/2022\/04\/Isla-del-pirata.jpg\",\"datePublished\":\"2021-09-25T17:26:17+00:00\",\"dateModified\":\"2026-02-17T22:36:38+00:00\",\"description\":\"Hotel Isla del Pirata, una peque\u00f1a porci\u00f3n de tierra rodeada de piscinas naturales cristalinas, piscinas naturales m\u00e1s cristalinas del Caribe colombiano.\",\"breadcrumb\":{\"@id\":\"https:\/\/amocartagenatour.com\/producto\/amocartagena-com-tours-pasadia-isla-del-pirata-premium\/#breadcrumb\"},\"inLanguage\":\"en-US\",\"potentialAction\":[{\"@type\":\"ReadAction\",\"target\":[\"https:\/\/amocartagenatour.com\/producto\/amocartagena-com-tours-pasadia-isla-del-pirata-premium\/\"]}]},{\"@type\":\"ImageObject\",\"inLanguage\":\"en-US\",\"@id\":\"https:\/\/amocartagenatour.com\/producto\/amocartagena-com-tours-pasadia-isla-del-pirata-premium\/#primaryimage\",\"url\":\"https:\/\/amocartagenatour.com\/wp-content\/uploads\/2022\/04\/Isla-del-pirata.jpg\",\"contentUrl\":\"https:\/\/amocartagenatour.com\/wp-content\/uploads\/2022\/04\/Isla-del-pirata.jpg\",\"width\":800,\"height\":600,\"caption\":\"hotel isla del pirata\"},{\"@type\":\"BreadcrumbList\",\"@id\":\"https:\/\/amocartagenatour.com\/producto\/amocartagena-com-tours-pasadia-isla-del-pirata-premium\/#breadcrumb\",\"itemListElement\":[{\"@type\":\"ListItem\",\"position\":1,\"name\":\"Home\",\"item\":\"https:\/\/amocartagenatour.com\/\"},{\"@type\":\"ListItem\",\"position\":2,\"name\":\"Tienda\",\"item\":\"https:\/\/amocartagenatour.com\/tienda\/\"},{\"@type\":\"ListItem\",\"position\":3,\"name\":\"Isla del Pirata &#8211; Premium\"}]},{\"@type\":\"WebSite\",\"@id\":\"https:\/\/amocartagenatour.com\/#website\",\"url\":\"https:\/\/amocartagenatour.com\/\",\"name\":\"Amo Cartagena Tour Company\",\"description\":\"Tours\ud83d\udccd Alquiler de Embarcaciones\ud83d\udea4 Pasad\u00edas\ud83c\udfdd\ufe0f Y M\u00e1s\u2728\",\"potentialAction\":[{\"@type\":\"SearchAction\",\"target\":{\"@type\":\"EntryPoint\",\"urlTemplate\":\"https:\/\/amocartagenatour.com\/?s={search_term_string}\"},\"query-input\":{\"@type\":\"PropertyValueSpecification\",\"valueRequired\":true,\"valueName\":\"search_term_string\"}}],\"inLanguage\":\"en-US\"}]}<\/script>\n<!-- \/ Yoast SEO plugin. -->","yoast_head_json":{"title":"Pasad\u00eda Isla del Pirata Premium | Barra Libre y Exclusividad","description":"Hotel Isla del Pirata, una peque\u00f1a porci\u00f3n de tierra rodeada de piscinas naturales cristalinas, piscinas naturales m\u00e1s cristalinas del Caribe colombiano.","robots":{"index":"index","follow":"follow","max-snippet":"max-snippet:-1","max-image-preview":"max-image-preview:large","max-video-preview":"max-video-preview:-1"},"canonical":"https:\/\/amocartagenatour.com\/en\/producto\/amocartagena-com-tours-pasadia-isla-del-pirata-premium\/","og_locale":"en_US","og_type":"article","og_title":"Pasad\u00eda Isla del Pirata Premium | Barra Libre y Exclusividad","og_description":"Hotel Isla del Pirata, una peque\u00f1a porci\u00f3n de tierra rodeada de piscinas naturales cristalinas, piscinas naturales m\u00e1s cristalinas del Caribe colombiano.","og_url":"https:\/\/amocartagenatour.com\/en\/producto\/amocartagena-com-tours-pasadia-isla-del-pirata-premium\/","og_site_name":"Amo Cartagena Tour Company","article_modified_time":"2026-02-17T22:36:38+00:00","og_image":[{"width":800,"height":600,"url":"https:\/\/amocartagenatour.com\/wp-content\/uploads\/2022\/04\/Isla-del-pirata.jpg","type":"image\/jpeg"}],"twitter_card":"summary_large_image","twitter_misc":{"Est. reading time":"2 minutes"},"schema":{"@context":"https:\/\/schema.org","@graph":[{"@type":"WebPage","@id":"https:\/\/amocartagenatour.com\/producto\/amocartagena-com-tours-pasadia-isla-del-pirata-premium\/","url":"https:\/\/amocartagenatour.com\/producto\/amocartagena-com-tours-pasadia-isla-del-pirata-premium\/","name":"Pasad\u00eda Isla del Pirata Premium | Barra Libre y Exclusividad","isPartOf":{"@id":"https:\/\/amocartagenatour.com\/#website"},"primaryImageOfPage":{"@id":"https:\/\/amocartagenatour.com\/producto\/amocartagena-com-tours-pasadia-isla-del-pirata-premium\/#primaryimage"},"image":{"@id":"https:\/\/amocartagenatour.com\/producto\/amocartagena-com-tours-pasadia-isla-del-pirata-premium\/#primaryimage"},"thumbnailUrl":"https:\/\/amocartagenatour.com\/wp-content\/uploads\/2022\/04\/Isla-del-pirata.jpg","datePublished":"2021-09-25T17:26:17+00:00","dateModified":"2026-02-17T22:36:38+00:00","description":"Hotel Isla del Pirata, una peque\u00f1a porci\u00f3n de tierra rodeada de piscinas naturales cristalinas, piscinas naturales m\u00e1s cristalinas del Caribe colombiano.","breadcrumb":{"@id":"https:\/\/amocartagenatour.com\/producto\/amocartagena-com-tours-pasadia-isla-del-pirata-premium\/#breadcrumb"},"inLanguage":"en-US","potentialAction":[{"@type":"ReadAction","target":["https:\/\/amocartagenatour.com\/producto\/amocartagena-com-tours-pasadia-isla-del-pirata-premium\/"]}]},{"@type":"ImageObject","inLanguage":"en-US","@id":"https:\/\/amocartagenatour.com\/producto\/amocartagena-com-tours-pasadia-isla-del-pirata-premium\/#primaryimage","url":"https:\/\/amocartagenatour.com\/wp-content\/uploads\/2022\/04\/Isla-del-pirata.jpg","contentUrl":"https:\/\/amocartagenatour.com\/wp-content\/uploads\/2022\/04\/Isla-del-pirata.jpg","width":800,"height":600,"caption":"hotel isla del pirata"},{"@type":"BreadcrumbList","@id":"https:\/\/amocartagenatour.com\/producto\/amocartagena-com-tours-pasadia-isla-del-pirata-premium\/#breadcrumb","itemListElement":[{"@type":"ListItem","position":1,"name":"Home","item":"https:\/\/amocartagenatour.com\/"},{"@type":"ListItem","position":2,"name":"Tienda","item":"https:\/\/amocartagenatour.com\/tienda\/"},{"@type":"ListItem","position":3,"name":"Isla del Pirata &#8211; Premium"}]},{"@type":"WebSite","@id":"https:\/\/amocartagenatour.com\/#website","url":"https:\/\/amocartagenatour.com\/","name":"Amo Cartagena Tour Company","description":"Tours\ud83d\udccd Alquiler de Embarcaciones\ud83d\udea4 Pasad\u00edas\ud83c\udfdd\ufe0f Y M\u00e1s\u2728","potentialAction":[{"@type":"SearchAction","target":{"@type":"EntryPoint","urlTemplate":"https:\/\/amocartagenatour.com\/?s={search_term_string}"},"query-input":{"@type":"PropertyValueSpecification","valueRequired":true,"valueName":"search_term_string"}}],"inLanguage":"en-US"}]}},"_links":{"self":[{"href":"https:\/\/amocartagenatour.com\/en\/wp-json\/wp\/v2\/product\/161","targetHints":{"allow":["GET"]}}],"collection":[{"href":"https:\/\/amocartagenatour.com\/en\/wp-json\/wp\/v2\/product"}],"about":[{"href":"https:\/\/amocartagenatour.com\/en\/wp-json\/wp\/v2\/types\/product"}],"replies":[{"embeddable":true,"href":"https:\/\/amocartagenatour.com\/en\/wp-json\/wp\/v2\/comments?post=161"}],"version-history":[{"count":0,"href":"https:\/\/amocartagenatour.com\/en\/wp-json\/wp\/v2\/product\/161\/revisions"}],"wp:featuredmedia":[{"embeddable":true,"href":"https:\/\/amocartagenatour.com\/en\/wp-json\/wp\/v2\/media\/1258"}],"wp:attachment":[{"href":"https:\/\/amocartagenatour.com\/en\/wp-json\/wp\/v2\/media?parent=161"}],"wp:term":[{"taxonomy":"product_brand","embeddable":true,"href":"https:\/\/amocartagenatour.com\/en\/wp-json\/wp\/v2\/product_brand?post=161"},{"taxonomy":"product_cat","embeddable":true,"href":"https:\/\/amocartagenatour.com\/en\/wp-json\/wp\/v2\/product_cat?post=161"},{"taxonomy":"product_tag","embeddable":true,"href":"https:\/\/amocartagenatour.com\/en\/wp-json\/wp\/v2\/product_tag?post=161"}],"curies":[{"name":"wp","href":"https:\/\/api.w.org\/{rel}","templated":true}]}}