{"id":1746,"date":"2023-03-05T09:14:02","date_gmt":"2023-03-05T14:14:02","guid":{"rendered":"https:\/\/amocartagenatour.com\/?post_type=product&#038;p=1746"},"modified":"2024-11-14T14:03:08","modified_gmt":"2024-11-14T19:03:08","slug":"alquiler-de-lanchas-en-cartagena-blue-shadow","status":"publish","type":"product","link":"https:\/\/amocartagenatour.com\/en\/producto\/alquiler-de-lanchas-en-cartagena-blue-shadow\/","title":{"rendered":"Blue Shadow Speedboat"},"content":{"rendered":"<p>Boat rental in Cartagena <strong>Blue Shadow<\/strong> for trips to the Rosario Islands, enjoy the best nautical experience in sports boats in the company of your family and friends.<\/p>\n<p><img fetchpriority=\"high\" decoding=\"async\" class=\"alignnone wp-image-1755 size-full\" src=\"https:\/\/amocartagenatour.com\/wp-content\/uploads\/2023\/03\/alquiler-de-lanchas-cartagena.jpeg\" alt=\"alquiler de lanchas cartagena blue shadow\" width=\"1000\" height=\"750\" srcset=\"https:\/\/amocartagenatour.com\/wp-content\/uploads\/2023\/03\/alquiler-de-lanchas-cartagena.jpeg 1000w, https:\/\/amocartagenatour.com\/wp-content\/uploads\/2023\/03\/alquiler-de-lanchas-cartagena-300x225.jpeg 300w, https:\/\/amocartagenatour.com\/wp-content\/uploads\/2023\/03\/alquiler-de-lanchas-cartagena-768x576.jpeg 768w, https:\/\/amocartagenatour.com\/wp-content\/uploads\/2023\/03\/alquiler-de-lanchas-cartagena-16x12.jpeg 16w, https:\/\/amocartagenatour.com\/wp-content\/uploads\/2023\/03\/alquiler-de-lanchas-cartagena-80x60.jpeg 80w, https:\/\/amocartagenatour.com\/wp-content\/uploads\/2023\/03\/alquiler-de-lanchas-cartagena-600x450.jpeg 600w\" sizes=\"(max-width: 1000px) 100vw, 1000px\" \/><\/p>\n<p>Discover the beauty of the Rosario Islands with our boat rental service in Cartagena. We offer a variety of options to meet your needs, from tour boats to luxury yachts. Contact us to book your adventure today!<\/p>\n<ul>\n<li><span style=\"color: #339966;\"><a style=\"color: #339966;\" href=\"https:\/\/amocartagenatour.com\/en\/categoria-producto\/islas-del-rosario\/\">Pasadias to the best private islands of Rosario<\/a><\/span><\/li>\n<\/ul>\n<p>Until a few years ago, these tours were organized in a simple way, where members of various tourist groups shared boats and had to adapt to a route, destinations, and previously established schedules.<\/p>\n<p><img decoding=\"async\" class=\"alignnone wp-image-1759 size-full\" src=\"https:\/\/amocartagenatour.com\/wp-content\/uploads\/2023\/03\/barcos-de-lujo.jpeg\" alt=\"barcos de lujo\" width=\"1000\" height=\"750\" srcset=\"https:\/\/amocartagenatour.com\/wp-content\/uploads\/2023\/03\/barcos-de-lujo.jpeg 1000w, https:\/\/amocartagenatour.com\/wp-content\/uploads\/2023\/03\/barcos-de-lujo-300x225.jpeg 300w, https:\/\/amocartagenatour.com\/wp-content\/uploads\/2023\/03\/barcos-de-lujo-768x576.jpeg 768w, https:\/\/amocartagenatour.com\/wp-content\/uploads\/2023\/03\/barcos-de-lujo-16x12.jpeg 16w, https:\/\/amocartagenatour.com\/wp-content\/uploads\/2023\/03\/barcos-de-lujo-80x60.jpeg 80w, https:\/\/amocartagenatour.com\/wp-content\/uploads\/2023\/03\/barcos-de-lujo-600x450.jpeg 600w\" sizes=\"(max-width: 1000px) 100vw, 1000px\" \/><\/p>\n<p>However, a segment of visitors seeks high-value private experiences; where we find greater freedom to choose.<\/p>\n<p>Therefore, today, it is possible to embark on an unforgettable adventure.<\/p>\n<p>For some, it is even an experience that goes further, since starting from our ports it is possible to travel to other destinations, such as the islands of the archipelago of <span style=\"color: #339966;\"><a style=\"color: #339966;\" href=\"https:\/\/amocartagenatour.com\/en\/categoria-producto\/islas-san-bernardo\/\">Saint Bernard<\/a><\/span> which are mucura and titinpan.<\/p>\n<h6 style=\"text-align: center;\"><strong><span style=\"color: #000000;\">Boat rental in Cartagena Blue Shadow for 17 passengers<\/span><\/strong><\/h6>\n<p><img decoding=\"async\" class=\"alignnone wp-image-1757 size-full\" src=\"https:\/\/amocartagenatour.com\/wp-content\/uploads\/2023\/03\/alquiler-de-yates-en-cartagena.jpeg\" alt=\"alquiler de yates en cartagena\" width=\"1000\" height=\"750\" srcset=\"https:\/\/amocartagenatour.com\/wp-content\/uploads\/2023\/03\/alquiler-de-yates-en-cartagena.jpeg 1000w, https:\/\/amocartagenatour.com\/wp-content\/uploads\/2023\/03\/alquiler-de-yates-en-cartagena-300x225.jpeg 300w, https:\/\/amocartagenatour.com\/wp-content\/uploads\/2023\/03\/alquiler-de-yates-en-cartagena-768x576.jpeg 768w, https:\/\/amocartagenatour.com\/wp-content\/uploads\/2023\/03\/alquiler-de-yates-en-cartagena-16x12.jpeg 16w, https:\/\/amocartagenatour.com\/wp-content\/uploads\/2023\/03\/alquiler-de-yates-en-cartagena-80x60.jpeg 80w, https:\/\/amocartagenatour.com\/wp-content\/uploads\/2023\/03\/alquiler-de-yates-en-cartagena-600x450.jpeg 600w\" sizes=\"(max-width: 1000px) 100vw, 1000px\" \/><\/p>\n<p><span style=\"color: #000000;\">Boat rental in Cartagena <strong>Blue Shadow<\/strong> for 17 passengers<\/span><\/p>\n<ul>\n<li><span style=\"color: #000000;\"><strong>LENGTH:<\/strong> 42 feet<\/span><\/li>\n<li><span style=\"color: #000000;\"><strong>ENGINES:<\/strong> 3 engines 300 hp<\/span><\/li>\n<li><span style=\"color: #000000;\"><strong>CAPACITY:<\/strong> 17 pasajeros<\/span><\/li>\n<li><span style=\"color: #000000;\"><strong>JL AUDIO PROFESSIONAL SOUND WITH BLUETOOTH<\/strong><\/span><\/li>\n<li><span style=\"color: #000000;\"><strong>CABIN WITH AIR CONDITIONING<\/strong><\/span><\/li>\n<li><strong>BATH<\/strong><\/li>\n<li><strong>FRESH WATER SHOWER<\/strong><\/li>\n<li><strong>CENTER TABLE<\/strong><\/li>\n<\/ul>\n<p><span style=\"color: #000000;\"><strong>INCLUDES :<\/strong><\/span><\/p>\n<ul>\n<li><span style=\"color: #000000;\">8 Hours of Navigation<\/span><\/li>\n<li><span style=\"color: #000000;\">Fuel<\/span><\/li>\n<li><span style=\"color: #000000;\">Crew<\/span><\/li>\n<li><span style=\"color: #000000;\">Large portable cooler with ice<\/span><\/li>\n<\/ul>\n<p><span style=\"color: #000000;\"><strong>Logistics<\/strong><\/span><\/p>\n<ul>\n<li><span style=\"color: #000000;\">DEPARTURE TIME 8:30 AM<\/span><\/li>\n<li><span style=\"color: #000000;\">RETURN TIME 4:30 PM<\/span><\/li>\n<\/ul>\n<p><span style=\"color: #000000;\"><strong>(SUBJECT TO WEATHER CONDITIONS).<\/strong><\/span><\/p>\n<p><span style=\"color: #000000;\"><strong>NAUTICAL ROUTE<\/strong><\/span><\/p>\n<ul>\n<li><span style=\"color: #000000;\">BIG ISLAND<\/span><\/li>\n<li><span style=\"color: #000000;\">THE POOL : A coral reef<\/span><\/li>\n<li><span style=\"color: #339966;\"><a style=\"color: #339966;\" href=\"https:\/\/amocartagenatour.com\/en\/cartagena-de-indias\/como-llegar-a-cholon\/\"><span style=\"vertical-align: inherit;\"><span style=\"vertical-align: inherit;\"><span style=\"vertical-align: inherit;\"><span style=\"vertical-align: inherit;\">CHOL\u00d3N<\/span><\/span><\/span><\/span><\/a><\/span><\/li>\n<li><span style=\"color: #000000;\">BLUE WATER<\/span><\/li>\n<\/ul>\n<p><span style=\"color: #000000;\"><strong>(SUBJECT TO CHANGE BY THE CUSTOMER).<\/strong><\/span><\/p>\n<p><span style=\"color: #000000;\"><strong>INSURANCE:<\/strong><\/span><\/p>\n<ul>\n<li><span style=\"color: #000000;\">Collective Accident Policy for passengers<\/span><\/li>\n<li><span style=\"color: #000000;\">Civil Liability Policy.<\/span><\/li>\n<\/ul>\n<p><strong>NOT INCLUDE:<\/strong><\/p>\n<ul>\n<li>Dock taxes<\/li>\n<\/ul>\n<h6><strong>Reserve Your Boat Today<\/strong><\/h6>","protected":false},"excerpt":{"rendered":"<div class=\"woocommerce-product-details__short-description\">\n<div class=\"woocommerce-product-details__short-description\">\n<p><span style=\"color: #000000;\">You can reserve this activity with a 50% deposit, the rest you cancel at the time of carrying out the activity or you can make the full payment.<\/span><\/p>\n<\/div>\n<\/div>","protected":false},"featured_media":1755,"comment_status":"open","ping_status":"closed","template":"","meta":{"_joinchat":[]},"product_brand":[],"product_cat":[19,22],"product_tag":[],"class_list":{"0":"post-1746","1":"product","2":"type-product","3":"status-publish","4":"has-post-thumbnail","6":"product_cat-alquiler-de-botes-deportivos-en-cartagena","7":"product_cat-capacidad-16-18-pasajeros","9":"first","10":"instock","11":"virtual","12":"purchasable","13":"product-type-simple"},"yoast_head":"<!-- This site is optimized with the Yoast SEO plugin v26.6 - https:\/\/yoast.com\/wordpress\/plugins\/seo\/ -->\n<title>Alquiler de Lanchas en Cartagena Blue Shadow | Reserva Hoy<\/title>\n<meta name=\"description\" content=\"Alquiler de lanchas en Cartagena Blue Shadow, disfruta de la mejor experiencia n\u00e1utica en embarcaciones deportivas en compa\u00f1\u00eda de tus familiares y amigos\" \/>\n<meta name=\"robots\" content=\"index, follow, max-snippet:-1, max-image-preview:large, max-video-preview:-1\" \/>\n<link rel=\"canonical\" href=\"https:\/\/amocartagenatour.com\/en\/producto\/alquiler-de-lanchas-en-cartagena-blue-shadow\/\" \/>\n<meta property=\"og:locale\" content=\"en_US\" \/>\n<meta property=\"og:type\" content=\"article\" \/>\n<meta property=\"og:title\" content=\"Alquiler de Lanchas en Cartagena Blue Shadow | Reserva Hoy\" \/>\n<meta property=\"og:description\" content=\"Alquiler de lanchas en Cartagena Blue Shadow, disfruta de la mejor experiencia n\u00e1utica en embarcaciones deportivas en compa\u00f1\u00eda de tus familiares y amigos\" \/>\n<meta property=\"og:url\" content=\"https:\/\/amocartagenatour.com\/en\/producto\/alquiler-de-lanchas-en-cartagena-blue-shadow\/\" \/>\n<meta property=\"og:site_name\" content=\"Amo Cartagena Tour Company\" \/>\n<meta property=\"article:modified_time\" content=\"2024-11-14T19:03:08+00:00\" \/>\n<meta property=\"og:image\" content=\"https:\/\/amocartagenatour.com\/wp-content\/uploads\/2023\/03\/alquiler-de-lanchas-cartagena.jpeg\" \/>\n\t<meta property=\"og:image:width\" content=\"1000\" \/>\n\t<meta property=\"og:image:height\" content=\"750\" \/>\n\t<meta property=\"og:image:type\" content=\"image\/jpeg\" \/>\n<meta name=\"twitter:card\" content=\"summary_large_image\" \/>\n<meta name=\"twitter:label1\" content=\"Est. reading time\" \/>\n\t<meta name=\"twitter:data1\" content=\"3 minutes\" \/>\n<script type=\"application\/ld+json\" class=\"yoast-schema-graph\">{\"@context\":\"https:\/\/schema.org\",\"@graph\":[{\"@type\":\"WebPage\",\"@id\":\"https:\/\/amocartagenatour.com\/producto\/alquiler-de-lanchas-en-cartagena-blue-shadow\/\",\"url\":\"https:\/\/amocartagenatour.com\/producto\/alquiler-de-lanchas-en-cartagena-blue-shadow\/\",\"name\":\"Alquiler de Lanchas en Cartagena Blue Shadow | Reserva Hoy\",\"isPartOf\":{\"@id\":\"https:\/\/amocartagenatour.com\/#website\"},\"primaryImageOfPage\":{\"@id\":\"https:\/\/amocartagenatour.com\/producto\/alquiler-de-lanchas-en-cartagena-blue-shadow\/#primaryimage\"},\"image\":{\"@id\":\"https:\/\/amocartagenatour.com\/producto\/alquiler-de-lanchas-en-cartagena-blue-shadow\/#primaryimage\"},\"thumbnailUrl\":\"https:\/\/amocartagenatour.com\/wp-content\/uploads\/2023\/03\/alquiler-de-lanchas-cartagena.jpeg\",\"datePublished\":\"2023-03-05T14:14:02+00:00\",\"dateModified\":\"2024-11-14T19:03:08+00:00\",\"description\":\"Alquiler de lanchas en Cartagena Blue Shadow, disfruta de la mejor experiencia n\u00e1utica en embarcaciones deportivas en compa\u00f1\u00eda de tus familiares y amigos\",\"breadcrumb\":{\"@id\":\"https:\/\/amocartagenatour.com\/producto\/alquiler-de-lanchas-en-cartagena-blue-shadow\/#breadcrumb\"},\"inLanguage\":\"en-US\",\"potentialAction\":[{\"@type\":\"ReadAction\",\"target\":[\"https:\/\/amocartagenatour.com\/producto\/alquiler-de-lanchas-en-cartagena-blue-shadow\/\"]}]},{\"@type\":\"ImageObject\",\"inLanguage\":\"en-US\",\"@id\":\"https:\/\/amocartagenatour.com\/producto\/alquiler-de-lanchas-en-cartagena-blue-shadow\/#primaryimage\",\"url\":\"https:\/\/amocartagenatour.com\/wp-content\/uploads\/2023\/03\/alquiler-de-lanchas-cartagena.jpeg\",\"contentUrl\":\"https:\/\/amocartagenatour.com\/wp-content\/uploads\/2023\/03\/alquiler-de-lanchas-cartagena.jpeg\",\"width\":1000,\"height\":750,\"caption\":\"alquiler de lanchas cartagena blue shadow\"},{\"@type\":\"BreadcrumbList\",\"@id\":\"https:\/\/amocartagenatour.com\/producto\/alquiler-de-lanchas-en-cartagena-blue-shadow\/#breadcrumb\",\"itemListElement\":[{\"@type\":\"ListItem\",\"position\":1,\"name\":\"Home\",\"item\":\"https:\/\/amocartagenatour.com\/\"},{\"@type\":\"ListItem\",\"position\":2,\"name\":\"Tienda\",\"item\":\"https:\/\/amocartagenatour.com\/tienda\/\"},{\"@type\":\"ListItem\",\"position\":3,\"name\":\"Lancha Blue Shadow\"}]},{\"@type\":\"WebSite\",\"@id\":\"https:\/\/amocartagenatour.com\/#website\",\"url\":\"https:\/\/amocartagenatour.com\/\",\"name\":\"Amo Cartagena Tour Company\",\"description\":\"Tours\ud83d\udccd Alquiler de Embarcaciones\ud83d\udea4 Pasad\u00edas\ud83c\udfdd\ufe0f Y M\u00e1s\u2728\",\"potentialAction\":[{\"@type\":\"SearchAction\",\"target\":{\"@type\":\"EntryPoint\",\"urlTemplate\":\"https:\/\/amocartagenatour.com\/?s={search_term_string}\"},\"query-input\":{\"@type\":\"PropertyValueSpecification\",\"valueRequired\":true,\"valueName\":\"search_term_string\"}}],\"inLanguage\":\"en-US\"}]}<\/script>\n<!-- \/ Yoast SEO plugin. -->","yoast_head_json":{"title":"Alquiler de Lanchas en Cartagena Blue Shadow | Reserva Hoy","description":"Alquiler de lanchas en Cartagena Blue Shadow, disfruta de la mejor experiencia n\u00e1utica en embarcaciones deportivas en compa\u00f1\u00eda de tus familiares y amigos","robots":{"index":"index","follow":"follow","max-snippet":"max-snippet:-1","max-image-preview":"max-image-preview:large","max-video-preview":"max-video-preview:-1"},"canonical":"https:\/\/amocartagenatour.com\/en\/producto\/alquiler-de-lanchas-en-cartagena-blue-shadow\/","og_locale":"en_US","og_type":"article","og_title":"Alquiler de Lanchas en Cartagena Blue Shadow | Reserva Hoy","og_description":"Alquiler de lanchas en Cartagena Blue Shadow, disfruta de la mejor experiencia n\u00e1utica en embarcaciones deportivas en compa\u00f1\u00eda de tus familiares y amigos","og_url":"https:\/\/amocartagenatour.com\/en\/producto\/alquiler-de-lanchas-en-cartagena-blue-shadow\/","og_site_name":"Amo Cartagena Tour Company","article_modified_time":"2024-11-14T19:03:08+00:00","og_image":[{"width":1000,"height":750,"url":"https:\/\/amocartagenatour.com\/wp-content\/uploads\/2023\/03\/alquiler-de-lanchas-cartagena.jpeg","type":"image\/jpeg"}],"twitter_card":"summary_large_image","twitter_misc":{"Est. reading time":"3 minutes"},"schema":{"@context":"https:\/\/schema.org","@graph":[{"@type":"WebPage","@id":"https:\/\/amocartagenatour.com\/producto\/alquiler-de-lanchas-en-cartagena-blue-shadow\/","url":"https:\/\/amocartagenatour.com\/producto\/alquiler-de-lanchas-en-cartagena-blue-shadow\/","name":"Alquiler de Lanchas en Cartagena Blue Shadow | Reserva Hoy","isPartOf":{"@id":"https:\/\/amocartagenatour.com\/#website"},"primaryImageOfPage":{"@id":"https:\/\/amocartagenatour.com\/producto\/alquiler-de-lanchas-en-cartagena-blue-shadow\/#primaryimage"},"image":{"@id":"https:\/\/amocartagenatour.com\/producto\/alquiler-de-lanchas-en-cartagena-blue-shadow\/#primaryimage"},"thumbnailUrl":"https:\/\/amocartagenatour.com\/wp-content\/uploads\/2023\/03\/alquiler-de-lanchas-cartagena.jpeg","datePublished":"2023-03-05T14:14:02+00:00","dateModified":"2024-11-14T19:03:08+00:00","description":"Alquiler de lanchas en Cartagena Blue Shadow, disfruta de la mejor experiencia n\u00e1utica en embarcaciones deportivas en compa\u00f1\u00eda de tus familiares y amigos","breadcrumb":{"@id":"https:\/\/amocartagenatour.com\/producto\/alquiler-de-lanchas-en-cartagena-blue-shadow\/#breadcrumb"},"inLanguage":"en-US","potentialAction":[{"@type":"ReadAction","target":["https:\/\/amocartagenatour.com\/producto\/alquiler-de-lanchas-en-cartagena-blue-shadow\/"]}]},{"@type":"ImageObject","inLanguage":"en-US","@id":"https:\/\/amocartagenatour.com\/producto\/alquiler-de-lanchas-en-cartagena-blue-shadow\/#primaryimage","url":"https:\/\/amocartagenatour.com\/wp-content\/uploads\/2023\/03\/alquiler-de-lanchas-cartagena.jpeg","contentUrl":"https:\/\/amocartagenatour.com\/wp-content\/uploads\/2023\/03\/alquiler-de-lanchas-cartagena.jpeg","width":1000,"height":750,"caption":"alquiler de lanchas cartagena blue shadow"},{"@type":"BreadcrumbList","@id":"https:\/\/amocartagenatour.com\/producto\/alquiler-de-lanchas-en-cartagena-blue-shadow\/#breadcrumb","itemListElement":[{"@type":"ListItem","position":1,"name":"Home","item":"https:\/\/amocartagenatour.com\/"},{"@type":"ListItem","position":2,"name":"Tienda","item":"https:\/\/amocartagenatour.com\/tienda\/"},{"@type":"ListItem","position":3,"name":"Lancha Blue Shadow"}]},{"@type":"WebSite","@id":"https:\/\/amocartagenatour.com\/#website","url":"https:\/\/amocartagenatour.com\/","name":"Amo Cartagena Tour Company","description":"Tours\ud83d\udccd Alquiler de Embarcaciones\ud83d\udea4 Pasad\u00edas\ud83c\udfdd\ufe0f Y M\u00e1s\u2728","potentialAction":[{"@type":"SearchAction","target":{"@type":"EntryPoint","urlTemplate":"https:\/\/amocartagenatour.com\/?s={search_term_string}"},"query-input":{"@type":"PropertyValueSpecification","valueRequired":true,"valueName":"search_term_string"}}],"inLanguage":"en-US"}]}},"_links":{"self":[{"href":"https:\/\/amocartagenatour.com\/en\/wp-json\/wp\/v2\/product\/1746","targetHints":{"allow":["GET"]}}],"collection":[{"href":"https:\/\/amocartagenatour.com\/en\/wp-json\/wp\/v2\/product"}],"about":[{"href":"https:\/\/amocartagenatour.com\/en\/wp-json\/wp\/v2\/types\/product"}],"replies":[{"embeddable":true,"href":"https:\/\/amocartagenatour.com\/en\/wp-json\/wp\/v2\/comments?post=1746"}],"version-history":[{"count":0,"href":"https:\/\/amocartagenatour.com\/en\/wp-json\/wp\/v2\/product\/1746\/revisions"}],"wp:featuredmedia":[{"embeddable":true,"href":"https:\/\/amocartagenatour.com\/en\/wp-json\/wp\/v2\/media\/1755"}],"wp:attachment":[{"href":"https:\/\/amocartagenatour.com\/en\/wp-json\/wp\/v2\/media?parent=1746"}],"wp:term":[{"taxonomy":"product_brand","embeddable":true,"href":"https:\/\/amocartagenatour.com\/en\/wp-json\/wp\/v2\/product_brand?post=1746"},{"taxonomy":"product_cat","embeddable":true,"href":"https:\/\/amocartagenatour.com\/en\/wp-json\/wp\/v2\/product_cat?post=1746"},{"taxonomy":"product_tag","embeddable":true,"href":"https:\/\/amocartagenatour.com\/en\/wp-json\/wp\/v2\/product_tag?post=1746"}],"curies":[{"name":"wp","href":"https:\/\/api.w.org\/{rel}","templated":true}]}}