{"id":1934,"date":"2023-03-23T15:29:12","date_gmt":"2023-03-23T20:29:12","guid":{"rendered":"https:\/\/amocartagenatour.com\/?post_type=product&#038;p=1934"},"modified":"2026-02-27T19:31:50","modified_gmt":"2026-02-28T00:31:50","slug":"amocartagena-com-tours-mangata-beach-club-islas-del-rosario","status":"publish","type":"product","link":"https:\/\/amocartagenatour.com\/en\/producto\/amocartagena-com-tours-mangata-beach-club-islas-del-rosario\/","title":{"rendered":"Mangata Beach Club"},"content":{"rendered":"<p><iframe title=\"Mangata Beach Club Cartagena - Isla del Rosario\" width=\"900\" height=\"506\" src=\"https:\/\/www.youtube.com\/embed\/krr9utN2pYU?feature=oembed\" frameborder=\"0\" allow=\"accelerometer; autoplay; clipboard-write; encrypted-media; gyroscope; picture-in-picture; web-share\" referrerpolicy=\"strict-origin-when-cross-origin\" allowfullscreen><\/iframe><\/p>\n<p data-path-to-node=\"7\">Mangata Beach Club ofrece una variedad de servicios y comodidades de primer nivel para sus visitantes, incluyendo acceso privilegiado a la playa, piscina, tumbonas y caba\u00f1as privadas. El club destaca por su atm\u00f3sfera relajada y acogedora, ideal para disfrutar de una tarde de sol amenizada con m\u00fasica en vivo. Sus instalaciones est\u00e1n dise\u00f1adas para brindar m\u00e1ximo confort, contando con un restaurante que ofrece opciones tanto al aire libre como en un sal\u00f3n con aire acondicionado, garantizando una estancia placentera para todos los gustos.<\/p>\n<p data-path-to-node=\"8\">M\u00e1s all\u00e1 del descanso, la experiencia invita a la aventura con el uso de equipos especializados como kayaks transparentes y paddleboards, permiti\u00e9ndote admirar la belleza submarina del Caribe sin mojarte. El servicio se complementa con una gastronom\u00eda exquisita y una atenci\u00f3n al detalle que incluye toallas y duchas de agua dulce. Es el destino perfecto en las Islas del Rosario para quienes buscan un equilibrio entre la sofisticaci\u00f3n de un club de playa moderno y la belleza natural del entorno marino.<\/p>\n<p><strong>INCLUDES<\/strong><\/p>\n<ul>\n<li>Transportation in speedboats (round trip)<\/li>\n<li>Welcome glass of champagne or natural juice<\/li>\n<li>A la carte lunch (8 options available)<\/li>\n<li>Use of transparent paddleboards\/kayaks\/snorkel<\/li>\n<li>Shower (fresh water)<\/li>\n<li>Air-conditioned or open-air restaurant<\/li>\n<li>Towel service<\/li>\n<li>Access to all facilities.<\/li>\n<\/ul>\n<p><strong>NOT INCLUDE<\/strong><\/p>\n<ul>\n<li>Dock Tax<\/li>\n<li>Additional activities (not mentioned above)<\/li>\n<\/ul>\n<p><strong>HORARIOS Y SALIDAS<\/strong><\/p>\n<ul>\n<li>De lunes a domingo<\/li>\n<li>Arrival time at the pier: 7:30 am<\/li>\n<li>Approximate return time to the dock: 4:00 pm<\/li>\n<\/ul>\n<h3 data-path-to-node=\"15\">PUNTO DE ENCUENTRO<\/h3>\n<ul data-path-to-node=\"16\">\n<li>\n<p data-path-to-node=\"16,0,0\"><b data-path-to-node=\"16,0,0\" data-index-in-node=\"0\">Ubicaci\u00f3n:<\/b> Muelle de la Bodeguita (se confirmar\u00e1 el n\u00famero de puerta al realizar la reserva).<\/p>\n<\/li>\n<\/ul>\n<h3><strong>RESERVE YOUR SPOT NOW<\/strong><\/h3>","protected":false},"excerpt":{"rendered":"<p>Pasad\u00eda VIP en las Islas del Rosario con almuerzo a la carta, kayaks transparentes, piscina y atenci\u00f3n de lujo.<\/p>","protected":false},"featured_media":1944,"comment_status":"open","ping_status":"closed","template":"","meta":{"_joinchat":[]},"product_brand":[],"product_cat":[133],"product_tag":[160,542,137,541,286,540,543,214,387,140,544],"class_list":{"0":"post-1934","1":"product","2":"type-product","3":"status-publish","4":"has-post-thumbnail","6":"product_cat-pasadias-clubes-islas-rosario","7":"product_tag-amo-cartagena","8":"product_tag-club-de-playa","9":"product_tag-islas-del-rosario","10":"product_tag-kayak-transparente","11":"product_tag-lancha-rapida","12":"product_tag-mangata-beach","13":"product_tag-paddleboard","14":"product_tag-pasadia-de-lujo","15":"product_tag-playa-cristalina","16":"product_tag-snorkel-cartagena","17":"product_tag-turismo-vip","19":"first","20":"instock","21":"virtual","22":"purchasable","23":"product-type-simple"},"yoast_head":"<!-- This site is optimized with the Yoast SEO plugin v26.6 - https:\/\/yoast.com\/wordpress\/plugins\/seo\/ -->\n<title>Mangata Beach Club Cartagena | Amo Cartagena Tour Company Pasad\u00eda Islas del Rosario<\/title>\n<meta name=\"description\" content=\"Vive un d\u00eda de lujo en Mangata Beach Club. Incluye lancha r\u00e1pida, almuerzo a la carta, kayaks transparentes y piscina. \u00a1Reserva tu lugar en el para\u00edso!\" \/>\n<meta name=\"robots\" content=\"index, follow, max-snippet:-1, max-image-preview:large, max-video-preview:-1\" \/>\n<link rel=\"canonical\" href=\"https:\/\/amocartagenatour.com\/en\/producto\/amocartagena-com-tours-mangata-beach-club-islas-del-rosario\/\" \/>\n<meta property=\"og:locale\" content=\"en_US\" \/>\n<meta property=\"og:type\" content=\"article\" \/>\n<meta property=\"og:title\" content=\"Mangata Beach Club Cartagena | Amo Cartagena Tour Company Pasad\u00eda Islas del Rosario\" \/>\n<meta property=\"og:description\" content=\"Vive un d\u00eda de lujo en Mangata Beach Club. Incluye lancha r\u00e1pida, almuerzo a la carta, kayaks transparentes y piscina. \u00a1Reserva tu lugar en el para\u00edso!\" \/>\n<meta property=\"og:url\" content=\"https:\/\/amocartagenatour.com\/en\/producto\/amocartagena-com-tours-mangata-beach-club-islas-del-rosario\/\" \/>\n<meta property=\"og:site_name\" content=\"Amo Cartagena Tour Company\" \/>\n<meta property=\"article:modified_time\" content=\"2026-02-28T00:31:50+00:00\" \/>\n<meta property=\"og:image\" content=\"https:\/\/amocartagenatour.com\/wp-content\/uploads\/2023\/03\/Mangata-Beach-club-cartagena.png\" \/>\n\t<meta property=\"og:image:width\" content=\"1000\" \/>\n\t<meta property=\"og:image:height\" content=\"750\" \/>\n\t<meta property=\"og:image:type\" content=\"image\/png\" \/>\n<meta name=\"twitter:card\" content=\"summary_large_image\" \/>\n<meta name=\"twitter:label1\" content=\"Est. reading time\" \/>\n\t<meta name=\"twitter:data1\" content=\"2 minutes\" \/>\n<script type=\"application\/ld+json\" class=\"yoast-schema-graph\">{\"@context\":\"https:\/\/schema.org\",\"@graph\":[{\"@type\":\"WebPage\",\"@id\":\"https:\/\/amocartagenatour.com\/producto\/amocartagena-com-tours-mangata-beach-club-islas-del-rosario\/\",\"url\":\"https:\/\/amocartagenatour.com\/producto\/amocartagena-com-tours-mangata-beach-club-islas-del-rosario\/\",\"name\":\"Mangata Beach Club Cartagena | Amo Cartagena Tour Company Pasad\u00eda Islas del Rosario\",\"isPartOf\":{\"@id\":\"https:\/\/amocartagenatour.com\/#website\"},\"primaryImageOfPage\":{\"@id\":\"https:\/\/amocartagenatour.com\/producto\/amocartagena-com-tours-mangata-beach-club-islas-del-rosario\/#primaryimage\"},\"image\":{\"@id\":\"https:\/\/amocartagenatour.com\/producto\/amocartagena-com-tours-mangata-beach-club-islas-del-rosario\/#primaryimage\"},\"thumbnailUrl\":\"https:\/\/amocartagenatour.com\/wp-content\/uploads\/2023\/03\/Mangata-Beach-club-cartagena.png\",\"datePublished\":\"2023-03-23T20:29:12+00:00\",\"dateModified\":\"2026-02-28T00:31:50+00:00\",\"description\":\"Vive un d\u00eda de lujo en Mangata Beach Club. Incluye lancha r\u00e1pida, almuerzo a la carta, kayaks transparentes y piscina. \u00a1Reserva tu lugar en el para\u00edso!\",\"breadcrumb\":{\"@id\":\"https:\/\/amocartagenatour.com\/producto\/amocartagena-com-tours-mangata-beach-club-islas-del-rosario\/#breadcrumb\"},\"inLanguage\":\"en-US\",\"potentialAction\":[{\"@type\":\"ReadAction\",\"target\":[\"https:\/\/amocartagenatour.com\/producto\/amocartagena-com-tours-mangata-beach-club-islas-del-rosario\/\"]}]},{\"@type\":\"ImageObject\",\"inLanguage\":\"en-US\",\"@id\":\"https:\/\/amocartagenatour.com\/producto\/amocartagena-com-tours-mangata-beach-club-islas-del-rosario\/#primaryimage\",\"url\":\"https:\/\/amocartagenatour.com\/wp-content\/uploads\/2023\/03\/Mangata-Beach-club-cartagena.png\",\"contentUrl\":\"https:\/\/amocartagenatour.com\/wp-content\/uploads\/2023\/03\/Mangata-Beach-club-cartagena.png\",\"width\":1000,\"height\":750},{\"@type\":\"BreadcrumbList\",\"@id\":\"https:\/\/amocartagenatour.com\/producto\/amocartagena-com-tours-mangata-beach-club-islas-del-rosario\/#breadcrumb\",\"itemListElement\":[{\"@type\":\"ListItem\",\"position\":1,\"name\":\"Home\",\"item\":\"https:\/\/amocartagenatour.com\/\"},{\"@type\":\"ListItem\",\"position\":2,\"name\":\"Tienda\",\"item\":\"https:\/\/amocartagenatour.com\/tienda\/\"},{\"@type\":\"ListItem\",\"position\":3,\"name\":\"Mangata Beach Club\"}]},{\"@type\":\"WebSite\",\"@id\":\"https:\/\/amocartagenatour.com\/#website\",\"url\":\"https:\/\/amocartagenatour.com\/\",\"name\":\"Amo Cartagena Tour Company\",\"description\":\"Tours\ud83d\udccd Alquiler de Embarcaciones\ud83d\udea4 Pasad\u00edas\ud83c\udfdd\ufe0f Y M\u00e1s\u2728\",\"potentialAction\":[{\"@type\":\"SearchAction\",\"target\":{\"@type\":\"EntryPoint\",\"urlTemplate\":\"https:\/\/amocartagenatour.com\/?s={search_term_string}\"},\"query-input\":{\"@type\":\"PropertyValueSpecification\",\"valueRequired\":true,\"valueName\":\"search_term_string\"}}],\"inLanguage\":\"en-US\"}]}<\/script>\n<!-- \/ Yoast SEO plugin. -->","yoast_head_json":{"title":"Mangata Beach Club Cartagena | Amo Cartagena Tour Company Pasad\u00eda Islas del Rosario","description":"Vive un d\u00eda de lujo en Mangata Beach Club. Incluye lancha r\u00e1pida, almuerzo a la carta, kayaks transparentes y piscina. \u00a1Reserva tu lugar en el para\u00edso!","robots":{"index":"index","follow":"follow","max-snippet":"max-snippet:-1","max-image-preview":"max-image-preview:large","max-video-preview":"max-video-preview:-1"},"canonical":"https:\/\/amocartagenatour.com\/en\/producto\/amocartagena-com-tours-mangata-beach-club-islas-del-rosario\/","og_locale":"en_US","og_type":"article","og_title":"Mangata Beach Club Cartagena | Amo Cartagena Tour Company Pasad\u00eda Islas del Rosario","og_description":"Vive un d\u00eda de lujo en Mangata Beach Club. Incluye lancha r\u00e1pida, almuerzo a la carta, kayaks transparentes y piscina. \u00a1Reserva tu lugar en el para\u00edso!","og_url":"https:\/\/amocartagenatour.com\/en\/producto\/amocartagena-com-tours-mangata-beach-club-islas-del-rosario\/","og_site_name":"Amo Cartagena Tour Company","article_modified_time":"2026-02-28T00:31:50+00:00","og_image":[{"width":1000,"height":750,"url":"https:\/\/amocartagenatour.com\/wp-content\/uploads\/2023\/03\/Mangata-Beach-club-cartagena.png","type":"image\/png"}],"twitter_card":"summary_large_image","twitter_misc":{"Est. reading time":"2 minutes"},"schema":{"@context":"https:\/\/schema.org","@graph":[{"@type":"WebPage","@id":"https:\/\/amocartagenatour.com\/producto\/amocartagena-com-tours-mangata-beach-club-islas-del-rosario\/","url":"https:\/\/amocartagenatour.com\/producto\/amocartagena-com-tours-mangata-beach-club-islas-del-rosario\/","name":"Mangata Beach Club Cartagena | Amo Cartagena Tour Company Pasad\u00eda Islas del Rosario","isPartOf":{"@id":"https:\/\/amocartagenatour.com\/#website"},"primaryImageOfPage":{"@id":"https:\/\/amocartagenatour.com\/producto\/amocartagena-com-tours-mangata-beach-club-islas-del-rosario\/#primaryimage"},"image":{"@id":"https:\/\/amocartagenatour.com\/producto\/amocartagena-com-tours-mangata-beach-club-islas-del-rosario\/#primaryimage"},"thumbnailUrl":"https:\/\/amocartagenatour.com\/wp-content\/uploads\/2023\/03\/Mangata-Beach-club-cartagena.png","datePublished":"2023-03-23T20:29:12+00:00","dateModified":"2026-02-28T00:31:50+00:00","description":"Vive un d\u00eda de lujo en Mangata Beach Club. Incluye lancha r\u00e1pida, almuerzo a la carta, kayaks transparentes y piscina. \u00a1Reserva tu lugar en el para\u00edso!","breadcrumb":{"@id":"https:\/\/amocartagenatour.com\/producto\/amocartagena-com-tours-mangata-beach-club-islas-del-rosario\/#breadcrumb"},"inLanguage":"en-US","potentialAction":[{"@type":"ReadAction","target":["https:\/\/amocartagenatour.com\/producto\/amocartagena-com-tours-mangata-beach-club-islas-del-rosario\/"]}]},{"@type":"ImageObject","inLanguage":"en-US","@id":"https:\/\/amocartagenatour.com\/producto\/amocartagena-com-tours-mangata-beach-club-islas-del-rosario\/#primaryimage","url":"https:\/\/amocartagenatour.com\/wp-content\/uploads\/2023\/03\/Mangata-Beach-club-cartagena.png","contentUrl":"https:\/\/amocartagenatour.com\/wp-content\/uploads\/2023\/03\/Mangata-Beach-club-cartagena.png","width":1000,"height":750},{"@type":"BreadcrumbList","@id":"https:\/\/amocartagenatour.com\/producto\/amocartagena-com-tours-mangata-beach-club-islas-del-rosario\/#breadcrumb","itemListElement":[{"@type":"ListItem","position":1,"name":"Home","item":"https:\/\/amocartagenatour.com\/"},{"@type":"ListItem","position":2,"name":"Tienda","item":"https:\/\/amocartagenatour.com\/tienda\/"},{"@type":"ListItem","position":3,"name":"Mangata Beach Club"}]},{"@type":"WebSite","@id":"https:\/\/amocartagenatour.com\/#website","url":"https:\/\/amocartagenatour.com\/","name":"Amo Cartagena Tour Company","description":"Tours\ud83d\udccd Alquiler de Embarcaciones\ud83d\udea4 Pasad\u00edas\ud83c\udfdd\ufe0f Y M\u00e1s\u2728","potentialAction":[{"@type":"SearchAction","target":{"@type":"EntryPoint","urlTemplate":"https:\/\/amocartagenatour.com\/?s={search_term_string}"},"query-input":{"@type":"PropertyValueSpecification","valueRequired":true,"valueName":"search_term_string"}}],"inLanguage":"en-US"}]}},"_links":{"self":[{"href":"https:\/\/amocartagenatour.com\/en\/wp-json\/wp\/v2\/product\/1934","targetHints":{"allow":["GET"]}}],"collection":[{"href":"https:\/\/amocartagenatour.com\/en\/wp-json\/wp\/v2\/product"}],"about":[{"href":"https:\/\/amocartagenatour.com\/en\/wp-json\/wp\/v2\/types\/product"}],"replies":[{"embeddable":true,"href":"https:\/\/amocartagenatour.com\/en\/wp-json\/wp\/v2\/comments?post=1934"}],"version-history":[{"count":0,"href":"https:\/\/amocartagenatour.com\/en\/wp-json\/wp\/v2\/product\/1934\/revisions"}],"wp:featuredmedia":[{"embeddable":true,"href":"https:\/\/amocartagenatour.com\/en\/wp-json\/wp\/v2\/media\/1944"}],"wp:attachment":[{"href":"https:\/\/amocartagenatour.com\/en\/wp-json\/wp\/v2\/media?parent=1934"}],"wp:term":[{"taxonomy":"product_brand","embeddable":true,"href":"https:\/\/amocartagenatour.com\/en\/wp-json\/wp\/v2\/product_brand?post=1934"},{"taxonomy":"product_cat","embeddable":true,"href":"https:\/\/amocartagenatour.com\/en\/wp-json\/wp\/v2\/product_cat?post=1934"},{"taxonomy":"product_tag","embeddable":true,"href":"https:\/\/amocartagenatour.com\/en\/wp-json\/wp\/v2\/product_tag?post=1934"}],"curies":[{"name":"wp","href":"https:\/\/api.w.org\/{rel}","templated":true}]}}