{"id":2684,"date":"2026-02-17T15:07:50","date_gmt":"2026-02-17T20:07:50","guid":{"rendered":"https:\/\/amocartagenatour.com\/?post_type=product&#038;p=2684"},"modified":"2026-02-17T15:08:33","modified_gmt":"2026-02-17T20:08:33","slug":"amocartagena-com-tours-tour-bahia-barco-bequia-chiva-rumbera","status":"publish","type":"product","link":"https:\/\/amocartagenatour.com\/en\/producto\/amocartagena-com-tours-tour-bahia-barco-bequia-chiva-rumbera\/","title":{"rendered":"Cartagena M\u00e1gica &#8211; Tour Bah\u00eda + Chiva Rumbera"},"content":{"rendered":"<p>Disfruta de una tarde hermosa y fant\u00e1stica con nuestro Tour Bah\u00eda a bordo del barco Bequia y la chiva rumbera, una experiencia ideal para introducirte a la magia nocturna de Cartagena. La traves\u00eda comienza surcando las aguas de la bah\u00eda, donde disfrutar\u00e1s de un ambiente festivo con m\u00fasica en vivo, shows de baile y bar abierto de c\u00f3cteles nacionales. Es el escenario perfecto para ver c\u00f3mo se iluminan los rascacielos de la ciudad mientras te contagias de la mejor energ\u00eda del Caribe colombiano bajo el atardecer.<\/p>\n<p>Al desembarcar, la aventura contin\u00faa por tierra a bordo de una chiva rumbera tradicional. En este recorrido panor\u00e1mico de dos horas, la m\u00fasica y la animaci\u00f3n no se detienen mientras visitas los monumentos m\u00e1s emblem\u00e1ticos de la ciudad. Con paradas estrat\u00e9gicas en el Castillo de San Felipe y las letras de Cartagena, este tour ofrece el equilibrio perfecto entre la rumba en el mar y el folclor terrestre, garantizando una experiencia completa y divertida para amigos y familias por igual.<\/p>\n<p><strong>INCLUDES<\/strong><br \/>\n&#8211; Navegaci\u00f3n: Recorrido de 2 horas por la bah\u00eda en el Barco Bequia con c\u00f3ctel de bienvenida.<br \/>\n&#8211; Fiesta a Bordo: Animador, DJ en vivo, show de bailarines y clases de baile.<br \/>\n&#8211; Bar Abierto: C\u00f3cteles con licores nacionales, agua y gaseosa (servidos en vaso).<br \/>\n&#8211; Experiencia Terrestre: Recogida y recorrido panor\u00e1mico de 2 horas en chiva rumbera.<br \/>\n&#8211; Cultura: Staff en espa\u00f1ol y 03 paradas fotogr\u00e1ficas: Castillo de San Felipe, las Botas Viejas y las letras de &#8220;Cartagena&#8221;.<\/p>\n<p><strong>NOT INCLUDE<\/strong><br \/>\n&#8211; Impuesto del Muelle: $18.000 COP por persona (pago obligatorio en efectivo).<br \/>\n&#8211; Entradas: No incluye ingreso al interior de los monumentos.<br \/>\n&#8211; Gastos extras: Cervezas y productos no especificados en el plan.<\/p>\n<p><strong>HORARIOS Y SALIDAS<\/strong><br \/>\nLunes a Domingo<br \/>\nHora. 3:00pm a 7:30pm<\/p>\n<p><strong>PUNTO DE ENCUENTRO<\/strong><br \/>\nMuelle de la Bodeguita. Puerta #4.<\/p>","protected":false},"excerpt":{"rendered":"<p>Vive una tarde-noche fant\u00e1stica combinando un crucero de fiesta por la bah\u00eda en el Barco Bequia y un recorrido lleno de alegr\u00eda en chiva rumbera tradicional.<\/p>","protected":false},"featured_media":76,"comment_status":"open","ping_status":"closed","template":"","meta":{"_joinchat":[]},"product_brand":[],"product_cat":[15],"product_tag":[160,234,245,233,243,236,242,244,249,246,248,231,247],"class_list":{"0":"post-2684","1":"product","2":"type-product","3":"status-publish","4":"has-post-thumbnail","6":"product_cat-tours-cartagena-ciudad","7":"product_tag-amo-cartagena","8":"product_tag-atardecer-en-cartagena","9":"product_tag-bar-abierto-cartagena","10":"product_tag-barco-bequia","11":"product_tag-cartagena-de-noche","12":"product_tag-castillo-san-felipe","13":"product_tag-chiva-rumbera","14":"product_tag-fiesta-en-el-mar","15":"product_tag-noche-caribena","16":"product_tag-planes-para-grupos","17":"product_tag-rumba-en-chiva","18":"product_tag-tour-bahia","19":"product_tag-turismo-cartagena","21":"first","22":"instock","23":"shipping-taxable","24":"purchasable","25":"product-type-simple"},"yoast_head":"<!-- This site is optimized with the Yoast SEO plugin v26.6 - https:\/\/yoast.com\/wordpress\/plugins\/seo\/ -->\n<title>Tour Bah\u00eda y Chiva Rumbera en Cartagena | Fiesta y Cultura<\/title>\n<meta name=\"description\" content=\"Vive el mejor Tour Bah\u00eda en el Barco Bequia y un recorrido en chiva rumbera. Incluye bar abierto, DJ, clases de baile y paradas hist\u00f3ricas. \u00a1Reserva hoy!\" \/>\n<meta name=\"robots\" content=\"index, follow, max-snippet:-1, max-image-preview:large, max-video-preview:-1\" \/>\n<link rel=\"canonical\" href=\"https:\/\/amocartagenatour.com\/en\/producto\/amocartagena-com-tours-tour-bahia-barco-bequia-chiva-rumbera\/\" \/>\n<meta property=\"og:locale\" content=\"en_US\" \/>\n<meta property=\"og:type\" content=\"article\" \/>\n<meta property=\"og:title\" content=\"Tour Bah\u00eda y Chiva Rumbera en Cartagena | Fiesta y Cultura\" \/>\n<meta property=\"og:description\" content=\"Vive el mejor Tour Bah\u00eda en el Barco Bequia y un recorrido en chiva rumbera. Incluye bar abierto, DJ, clases de baile y paradas hist\u00f3ricas. \u00a1Reserva hoy!\" \/>\n<meta property=\"og:url\" content=\"https:\/\/amocartagenatour.com\/en\/producto\/amocartagena-com-tours-tour-bahia-barco-bequia-chiva-rumbera\/\" \/>\n<meta property=\"og:site_name\" content=\"Amo Cartagena Tour Company\" \/>\n<meta property=\"article:modified_time\" content=\"2026-02-17T20:08:33+00:00\" \/>\n<meta property=\"og:image\" content=\"https:\/\/amocartagenatour.com\/wp-content\/uploads\/2021\/09\/atardecer-en-barco-bequia.jpg\" \/>\n\t<meta property=\"og:image:width\" content=\"742\" \/>\n\t<meta property=\"og:image:height\" content=\"440\" \/>\n\t<meta property=\"og:image:type\" content=\"image\/jpeg\" \/>\n<meta name=\"twitter:card\" content=\"summary_large_image\" \/>\n<meta name=\"twitter:label1\" content=\"Est. reading time\" \/>\n\t<meta name=\"twitter:data1\" content=\"2 minutes\" \/>\n<script type=\"application\/ld+json\" class=\"yoast-schema-graph\">{\"@context\":\"https:\/\/schema.org\",\"@graph\":[{\"@type\":\"WebPage\",\"@id\":\"https:\/\/amocartagenatour.com\/producto\/amocartagena-com-tours-tour-bahia-barco-bequia-chiva-rumbera\/\",\"url\":\"https:\/\/amocartagenatour.com\/producto\/amocartagena-com-tours-tour-bahia-barco-bequia-chiva-rumbera\/\",\"name\":\"Tour Bah\u00eda y Chiva Rumbera en Cartagena | Fiesta y Cultura\",\"isPartOf\":{\"@id\":\"https:\/\/amocartagenatour.com\/#website\"},\"primaryImageOfPage\":{\"@id\":\"https:\/\/amocartagenatour.com\/producto\/amocartagena-com-tours-tour-bahia-barco-bequia-chiva-rumbera\/#primaryimage\"},\"image\":{\"@id\":\"https:\/\/amocartagenatour.com\/producto\/amocartagena-com-tours-tour-bahia-barco-bequia-chiva-rumbera\/#primaryimage\"},\"thumbnailUrl\":\"https:\/\/amocartagenatour.com\/wp-content\/uploads\/2021\/09\/atardecer-en-barco-bequia.jpg\",\"datePublished\":\"2026-02-17T20:07:50+00:00\",\"dateModified\":\"2026-02-17T20:08:33+00:00\",\"description\":\"Vive el mejor Tour Bah\u00eda en el Barco Bequia y un recorrido en chiva rumbera. Incluye bar abierto, DJ, clases de baile y paradas hist\u00f3ricas. \u00a1Reserva hoy!\",\"breadcrumb\":{\"@id\":\"https:\/\/amocartagenatour.com\/producto\/amocartagena-com-tours-tour-bahia-barco-bequia-chiva-rumbera\/#breadcrumb\"},\"inLanguage\":\"en-US\",\"potentialAction\":[{\"@type\":\"ReadAction\",\"target\":[\"https:\/\/amocartagenatour.com\/producto\/amocartagena-com-tours-tour-bahia-barco-bequia-chiva-rumbera\/\"]}]},{\"@type\":\"ImageObject\",\"inLanguage\":\"en-US\",\"@id\":\"https:\/\/amocartagenatour.com\/producto\/amocartagena-com-tours-tour-bahia-barco-bequia-chiva-rumbera\/#primaryimage\",\"url\":\"https:\/\/amocartagenatour.com\/wp-content\/uploads\/2021\/09\/atardecer-en-barco-bequia.jpg\",\"contentUrl\":\"https:\/\/amocartagenatour.com\/wp-content\/uploads\/2021\/09\/atardecer-en-barco-bequia.jpg\",\"width\":742,\"height\":440,\"caption\":\"ven visita cartagena y ve la puesta del sol\"},{\"@type\":\"BreadcrumbList\",\"@id\":\"https:\/\/amocartagenatour.com\/producto\/amocartagena-com-tours-tour-bahia-barco-bequia-chiva-rumbera\/#breadcrumb\",\"itemListElement\":[{\"@type\":\"ListItem\",\"position\":1,\"name\":\"Home\",\"item\":\"https:\/\/amocartagenatour.com\/\"},{\"@type\":\"ListItem\",\"position\":2,\"name\":\"Tienda\",\"item\":\"https:\/\/amocartagenatour.com\/tienda\/\"},{\"@type\":\"ListItem\",\"position\":3,\"name\":\"Cartagena M\u00e1gica &#8211; Tour Bah\u00eda + Chiva Rumbera\"}]},{\"@type\":\"WebSite\",\"@id\":\"https:\/\/amocartagenatour.com\/#website\",\"url\":\"https:\/\/amocartagenatour.com\/\",\"name\":\"Amo Cartagena Tour Company\",\"description\":\"Tours\ud83d\udccd Alquiler de Embarcaciones\ud83d\udea4 Pasad\u00edas\ud83c\udfdd\ufe0f Y M\u00e1s\u2728\",\"potentialAction\":[{\"@type\":\"SearchAction\",\"target\":{\"@type\":\"EntryPoint\",\"urlTemplate\":\"https:\/\/amocartagenatour.com\/?s={search_term_string}\"},\"query-input\":{\"@type\":\"PropertyValueSpecification\",\"valueRequired\":true,\"valueName\":\"search_term_string\"}}],\"inLanguage\":\"en-US\"}]}<\/script>\n<!-- \/ Yoast SEO plugin. -->","yoast_head_json":{"title":"Tour Bah\u00eda y Chiva Rumbera en Cartagena | Fiesta y Cultura","description":"Vive el mejor Tour Bah\u00eda en el Barco Bequia y un recorrido en chiva rumbera. Incluye bar abierto, DJ, clases de baile y paradas hist\u00f3ricas. \u00a1Reserva hoy!","robots":{"index":"index","follow":"follow","max-snippet":"max-snippet:-1","max-image-preview":"max-image-preview:large","max-video-preview":"max-video-preview:-1"},"canonical":"https:\/\/amocartagenatour.com\/en\/producto\/amocartagena-com-tours-tour-bahia-barco-bequia-chiva-rumbera\/","og_locale":"en_US","og_type":"article","og_title":"Tour Bah\u00eda y Chiva Rumbera en Cartagena | Fiesta y Cultura","og_description":"Vive el mejor Tour Bah\u00eda en el Barco Bequia y un recorrido en chiva rumbera. Incluye bar abierto, DJ, clases de baile y paradas hist\u00f3ricas. \u00a1Reserva hoy!","og_url":"https:\/\/amocartagenatour.com\/en\/producto\/amocartagena-com-tours-tour-bahia-barco-bequia-chiva-rumbera\/","og_site_name":"Amo Cartagena Tour Company","article_modified_time":"2026-02-17T20:08:33+00:00","og_image":[{"width":742,"height":440,"url":"https:\/\/amocartagenatour.com\/wp-content\/uploads\/2021\/09\/atardecer-en-barco-bequia.jpg","type":"image\/jpeg"}],"twitter_card":"summary_large_image","twitter_misc":{"Est. reading time":"2 minutes"},"schema":{"@context":"https:\/\/schema.org","@graph":[{"@type":"WebPage","@id":"https:\/\/amocartagenatour.com\/producto\/amocartagena-com-tours-tour-bahia-barco-bequia-chiva-rumbera\/","url":"https:\/\/amocartagenatour.com\/producto\/amocartagena-com-tours-tour-bahia-barco-bequia-chiva-rumbera\/","name":"Tour Bah\u00eda y Chiva Rumbera en Cartagena | Fiesta y Cultura","isPartOf":{"@id":"https:\/\/amocartagenatour.com\/#website"},"primaryImageOfPage":{"@id":"https:\/\/amocartagenatour.com\/producto\/amocartagena-com-tours-tour-bahia-barco-bequia-chiva-rumbera\/#primaryimage"},"image":{"@id":"https:\/\/amocartagenatour.com\/producto\/amocartagena-com-tours-tour-bahia-barco-bequia-chiva-rumbera\/#primaryimage"},"thumbnailUrl":"https:\/\/amocartagenatour.com\/wp-content\/uploads\/2021\/09\/atardecer-en-barco-bequia.jpg","datePublished":"2026-02-17T20:07:50+00:00","dateModified":"2026-02-17T20:08:33+00:00","description":"Vive el mejor Tour Bah\u00eda en el Barco Bequia y un recorrido en chiva rumbera. Incluye bar abierto, DJ, clases de baile y paradas hist\u00f3ricas. \u00a1Reserva hoy!","breadcrumb":{"@id":"https:\/\/amocartagenatour.com\/producto\/amocartagena-com-tours-tour-bahia-barco-bequia-chiva-rumbera\/#breadcrumb"},"inLanguage":"en-US","potentialAction":[{"@type":"ReadAction","target":["https:\/\/amocartagenatour.com\/producto\/amocartagena-com-tours-tour-bahia-barco-bequia-chiva-rumbera\/"]}]},{"@type":"ImageObject","inLanguage":"en-US","@id":"https:\/\/amocartagenatour.com\/producto\/amocartagena-com-tours-tour-bahia-barco-bequia-chiva-rumbera\/#primaryimage","url":"https:\/\/amocartagenatour.com\/wp-content\/uploads\/2021\/09\/atardecer-en-barco-bequia.jpg","contentUrl":"https:\/\/amocartagenatour.com\/wp-content\/uploads\/2021\/09\/atardecer-en-barco-bequia.jpg","width":742,"height":440,"caption":"ven visita cartagena y ve la puesta del sol"},{"@type":"BreadcrumbList","@id":"https:\/\/amocartagenatour.com\/producto\/amocartagena-com-tours-tour-bahia-barco-bequia-chiva-rumbera\/#breadcrumb","itemListElement":[{"@type":"ListItem","position":1,"name":"Home","item":"https:\/\/amocartagenatour.com\/"},{"@type":"ListItem","position":2,"name":"Tienda","item":"https:\/\/amocartagenatour.com\/tienda\/"},{"@type":"ListItem","position":3,"name":"Cartagena M\u00e1gica &#8211; Tour Bah\u00eda + Chiva Rumbera"}]},{"@type":"WebSite","@id":"https:\/\/amocartagenatour.com\/#website","url":"https:\/\/amocartagenatour.com\/","name":"Amo Cartagena Tour Company","description":"Tours\ud83d\udccd Alquiler de Embarcaciones\ud83d\udea4 Pasad\u00edas\ud83c\udfdd\ufe0f Y M\u00e1s\u2728","potentialAction":[{"@type":"SearchAction","target":{"@type":"EntryPoint","urlTemplate":"https:\/\/amocartagenatour.com\/?s={search_term_string}"},"query-input":{"@type":"PropertyValueSpecification","valueRequired":true,"valueName":"search_term_string"}}],"inLanguage":"en-US"}]}},"_links":{"self":[{"href":"https:\/\/amocartagenatour.com\/en\/wp-json\/wp\/v2\/product\/2684","targetHints":{"allow":["GET"]}}],"collection":[{"href":"https:\/\/amocartagenatour.com\/en\/wp-json\/wp\/v2\/product"}],"about":[{"href":"https:\/\/amocartagenatour.com\/en\/wp-json\/wp\/v2\/types\/product"}],"replies":[{"embeddable":true,"href":"https:\/\/amocartagenatour.com\/en\/wp-json\/wp\/v2\/comments?post=2684"}],"version-history":[{"count":0,"href":"https:\/\/amocartagenatour.com\/en\/wp-json\/wp\/v2\/product\/2684\/revisions"}],"wp:featuredmedia":[{"embeddable":true,"href":"https:\/\/amocartagenatour.com\/en\/wp-json\/wp\/v2\/media\/76"}],"wp:attachment":[{"href":"https:\/\/amocartagenatour.com\/en\/wp-json\/wp\/v2\/media?parent=2684"}],"wp:term":[{"taxonomy":"product_brand","embeddable":true,"href":"https:\/\/amocartagenatour.com\/en\/wp-json\/wp\/v2\/product_brand?post=2684"},{"taxonomy":"product_cat","embeddable":true,"href":"https:\/\/amocartagenatour.com\/en\/wp-json\/wp\/v2\/product_cat?post=2684"},{"taxonomy":"product_tag","embeddable":true,"href":"https:\/\/amocartagenatour.com\/en\/wp-json\/wp\/v2\/product_tag?post=2684"}],"curies":[{"name":"wp","href":"https:\/\/api.w.org\/{rel}","templated":true}]}}