{"id":2822,"date":"2026-02-18T12:52:20","date_gmt":"2026-02-18T17:52:20","guid":{"rendered":"https:\/\/amocartagenatour.com\/?post_type=product&#038;p=2822"},"modified":"2026-02-18T13:48:01","modified_gmt":"2026-02-18T18:48:01","slug":"amocartagena-com-tours-hotel-rosario-de-mar-tequendama-pasadia","status":"publish","type":"product","link":"https:\/\/amocartagenatour.com\/en\/producto\/amocartagena-com-tours-hotel-rosario-de-mar-tequendama-pasadia\/","title":{"rendered":"Rosario de Mar"},"content":{"rendered":"<p data-path-to-node=\"7\">En el Hotel Rosario de Mar By Tequendama puedes vivir pasad\u00edas inolvidables rodeado de naturaleza caribe\u00f1a. Estos planes combinan transporte en lancha r\u00e1pida desde Cartagena, acceso a zonas de playa exclusivas y experiencias dise\u00f1adas para descansar bajo el sol con un servicio profesional. Es el refugio perfecto para quienes buscan la tranquilidad del archipi\u00e9lago con la comodidad de una infraestructura hotelera de primer nivel.<\/p>\n<p data-path-to-node=\"8\">Los pasad\u00edas est\u00e1n estructurados para ofrecer momentos memorables en el mar Caribe. Con una oferta gastron\u00f3mica que destaca por sus diez opciones de almuerzo y beneficios adicionales como el pr\u00e9stamo de toallas, este plan es ideal para disfrutar un d\u00eda completo en el para\u00edso isle\u00f1o, ya sea en pareja o en familia.<\/p>\n<p data-path-to-node=\"8\"><strong>INCLUDES<\/strong><br \/>\n&#8211; Transporte en lancha r\u00e1pida, ida y vuelta<br \/>\n&#8211; C\u00f3ctel de bienvenida<br \/>\n&#8211; 10 opciones de almuerzo: T\u00edpico Mojarra, Pollo a la Plancha, Arroz de Camar\u00f3n, Arroz Vegetariano, Pasta Vegetariana, Pizza Vegetariana, Pizza Hawaiana, Pizza Margarita, Pizza Prosciutto Sugerencia del Chef.<br \/>\n&#8211; Uso de instalaciones (sillas asoleadoras sujetas a disponibilidad)<br \/>\n&#8211; Pr\u00e9stamo de toalla<br \/>\n&#8211; Ducha (Agua salada)<br \/>\n&#8211; Transporte cortes\u00eda compartido al oceanario (espera 45 minutos) para recorrido y retorno al hotel.<\/p>\n<p data-path-to-node=\"8\"><strong>NOT INCLUDE<\/strong><br \/>\n&#8211; Transporte del hotel al puerto, ni viceversa.<br \/>\n&#8211; Servicios adicionales: Hookah Lounge, Spa &amp; Masajes, Boutique, Cafeter\u00eda \u2013 Restaurante.<br \/>\n&#8211; Tasa portuaria 31,500cop por persona.<\/p>\n<p><strong>HORARIOS Y SALIDAS<\/strong><br \/>\nDe Lunes a Domingo<br \/>\nCheck in: 7:30 a.m.<br \/>\nZarpe: 8:00 \u2013 8:30 a.m.<br \/>\nRegreso estimado: 2:30 \u2013 3:00 p.m.<\/p>\n<p><strong>PUNTO DE ENCUENTRO<\/strong><br \/>\nMuelle La Bodeguita. Puerta #4<\/p>","protected":false},"excerpt":{"rendered":"<p>Vive un pasad\u00eda inolvidable en Rosario de Mar By Tequendama. Disfruta de la exclusividad de un hotel de lujo con playa privada, gastronom\u00eda de primer nivel y total relajaci\u00f3n.<\/p>","protected":false},"featured_media":2828,"comment_status":"open","ping_status":"closed","template":"","meta":{"_joinchat":[]},"product_brand":[],"product_cat":[133],"product_tag":[262,160,340,335,137,286,336,337,268,338,225,339],"class_list":{"0":"post-2822","1":"product","2":"type-product","3":"status-publish","4":"has-post-thumbnail","6":"product_cat-pasadias-clubes-islas-rosario","7":"product_tag-almuerzo-premium","8":"product_tag-amo-cartagena","9":"product_tag-descanso-caribeno","10":"product_tag-hotel-tequendama","11":"product_tag-islas-del-rosario","12":"product_tag-lancha-rapida","13":"product_tag-pasadia-hotelero","14":"product_tag-pizza-en-las-islas","15":"product_tag-plan-familiar-cartagena","16":"product_tag-playa-privada","17":"product_tag-rosario-de-mar","18":"product_tag-turismo-de-lujo","20":"first","21":"instock","22":"shipping-taxable","23":"purchasable","24":"product-type-simple"},"yoast_head":"<!-- This site is optimized with the Yoast SEO plugin v26.6 - https:\/\/yoast.com\/wordpress\/plugins\/seo\/ -->\n<title>Rosario de Mar By TequendamaRosario de Mar | Pasad\u00eda de Lujo<\/title>\n<meta name=\"description\" content=\"Disfruta del pasad\u00eda en el Hotel Rosario de Mar By Tequendama. Incluye 10 opciones de almuerzo, toallas y playa privada. \u00a1Calidad hotelera en las islas!\" \/>\n<meta name=\"robots\" content=\"index, follow, max-snippet:-1, max-image-preview:large, max-video-preview:-1\" \/>\n<link rel=\"canonical\" href=\"https:\/\/amocartagenatour.com\/en\/producto\/amocartagena-com-tours-hotel-rosario-de-mar-tequendama-pasadia\/\" \/>\n<meta property=\"og:locale\" content=\"en_US\" \/>\n<meta property=\"og:type\" content=\"article\" \/>\n<meta property=\"og:title\" content=\"Rosario de Mar By TequendamaRosario de Mar | Pasad\u00eda de Lujo\" \/>\n<meta property=\"og:description\" content=\"Disfruta del pasad\u00eda en el Hotel Rosario de Mar By Tequendama. Incluye 10 opciones de almuerzo, toallas y playa privada. \u00a1Calidad hotelera en las islas!\" \/>\n<meta property=\"og:url\" content=\"https:\/\/amocartagenatour.com\/en\/producto\/amocartagena-com-tours-hotel-rosario-de-mar-tequendama-pasadia\/\" \/>\n<meta property=\"og:site_name\" content=\"Amo Cartagena Tour Company\" \/>\n<meta property=\"article:modified_time\" content=\"2026-02-18T18:48:01+00:00\" \/>\n<meta property=\"og:image\" content=\"https:\/\/amocartagenatour.com\/wp-content\/uploads\/2026\/02\/ANielsen_RosarioDeMar_3_CommonAreas_27.jpg\" \/>\n\t<meta property=\"og:image:width\" content=\"1140\" \/>\n\t<meta property=\"og:image:height\" content=\"641\" \/>\n\t<meta property=\"og:image:type\" content=\"image\/jpeg\" \/>\n<meta name=\"twitter:card\" content=\"summary_large_image\" \/>\n<meta name=\"twitter:label1\" content=\"Est. reading time\" \/>\n\t<meta name=\"twitter:data1\" content=\"2 minutes\" \/>\n<script type=\"application\/ld+json\" class=\"yoast-schema-graph\">{\"@context\":\"https:\/\/schema.org\",\"@graph\":[{\"@type\":\"WebPage\",\"@id\":\"https:\/\/amocartagenatour.com\/producto\/amocartagena-com-tours-hotel-rosario-de-mar-tequendama-pasadia\/\",\"url\":\"https:\/\/amocartagenatour.com\/producto\/amocartagena-com-tours-hotel-rosario-de-mar-tequendama-pasadia\/\",\"name\":\"Rosario de Mar By TequendamaRosario de Mar | Pasad\u00eda de Lujo\",\"isPartOf\":{\"@id\":\"https:\/\/amocartagenatour.com\/#website\"},\"primaryImageOfPage\":{\"@id\":\"https:\/\/amocartagenatour.com\/producto\/amocartagena-com-tours-hotel-rosario-de-mar-tequendama-pasadia\/#primaryimage\"},\"image\":{\"@id\":\"https:\/\/amocartagenatour.com\/producto\/amocartagena-com-tours-hotel-rosario-de-mar-tequendama-pasadia\/#primaryimage\"},\"thumbnailUrl\":\"https:\/\/amocartagenatour.com\/wp-content\/uploads\/2026\/02\/ANielsen_RosarioDeMar_3_CommonAreas_27.jpg\",\"datePublished\":\"2026-02-18T17:52:20+00:00\",\"dateModified\":\"2026-02-18T18:48:01+00:00\",\"description\":\"Disfruta del pasad\u00eda en el Hotel Rosario de Mar By Tequendama. Incluye 10 opciones de almuerzo, toallas y playa privada. \u00a1Calidad hotelera en las islas!\",\"breadcrumb\":{\"@id\":\"https:\/\/amocartagenatour.com\/producto\/amocartagena-com-tours-hotel-rosario-de-mar-tequendama-pasadia\/#breadcrumb\"},\"inLanguage\":\"en-US\",\"potentialAction\":[{\"@type\":\"ReadAction\",\"target\":[\"https:\/\/amocartagenatour.com\/producto\/amocartagena-com-tours-hotel-rosario-de-mar-tequendama-pasadia\/\"]}]},{\"@type\":\"ImageObject\",\"inLanguage\":\"en-US\",\"@id\":\"https:\/\/amocartagenatour.com\/producto\/amocartagena-com-tours-hotel-rosario-de-mar-tequendama-pasadia\/#primaryimage\",\"url\":\"https:\/\/amocartagenatour.com\/wp-content\/uploads\/2026\/02\/ANielsen_RosarioDeMar_3_CommonAreas_27.jpg\",\"contentUrl\":\"https:\/\/amocartagenatour.com\/wp-content\/uploads\/2026\/02\/ANielsen_RosarioDeMar_3_CommonAreas_27.jpg\",\"width\":1140,\"height\":641},{\"@type\":\"BreadcrumbList\",\"@id\":\"https:\/\/amocartagenatour.com\/producto\/amocartagena-com-tours-hotel-rosario-de-mar-tequendama-pasadia\/#breadcrumb\",\"itemListElement\":[{\"@type\":\"ListItem\",\"position\":1,\"name\":\"Home\",\"item\":\"https:\/\/amocartagenatour.com\/\"},{\"@type\":\"ListItem\",\"position\":2,\"name\":\"Tienda\",\"item\":\"https:\/\/amocartagenatour.com\/tienda\/\"},{\"@type\":\"ListItem\",\"position\":3,\"name\":\"Rosario de Mar\"}]},{\"@type\":\"WebSite\",\"@id\":\"https:\/\/amocartagenatour.com\/#website\",\"url\":\"https:\/\/amocartagenatour.com\/\",\"name\":\"Amo Cartagena Tour Company\",\"description\":\"Tours\ud83d\udccd Alquiler de Embarcaciones\ud83d\udea4 Pasad\u00edas\ud83c\udfdd\ufe0f Y M\u00e1s\u2728\",\"potentialAction\":[{\"@type\":\"SearchAction\",\"target\":{\"@type\":\"EntryPoint\",\"urlTemplate\":\"https:\/\/amocartagenatour.com\/?s={search_term_string}\"},\"query-input\":{\"@type\":\"PropertyValueSpecification\",\"valueRequired\":true,\"valueName\":\"search_term_string\"}}],\"inLanguage\":\"en-US\"}]}<\/script>\n<!-- \/ Yoast SEO plugin. -->","yoast_head_json":{"title":"Rosario de Mar By TequendamaRosario de Mar | Pasad\u00eda de Lujo","description":"Disfruta del pasad\u00eda en el Hotel Rosario de Mar By Tequendama. Incluye 10 opciones de almuerzo, toallas y playa privada. \u00a1Calidad hotelera en las islas!","robots":{"index":"index","follow":"follow","max-snippet":"max-snippet:-1","max-image-preview":"max-image-preview:large","max-video-preview":"max-video-preview:-1"},"canonical":"https:\/\/amocartagenatour.com\/en\/producto\/amocartagena-com-tours-hotel-rosario-de-mar-tequendama-pasadia\/","og_locale":"en_US","og_type":"article","og_title":"Rosario de Mar By TequendamaRosario de Mar | Pasad\u00eda de Lujo","og_description":"Disfruta del pasad\u00eda en el Hotel Rosario de Mar By Tequendama. Incluye 10 opciones de almuerzo, toallas y playa privada. \u00a1Calidad hotelera en las islas!","og_url":"https:\/\/amocartagenatour.com\/en\/producto\/amocartagena-com-tours-hotel-rosario-de-mar-tequendama-pasadia\/","og_site_name":"Amo Cartagena Tour Company","article_modified_time":"2026-02-18T18:48:01+00:00","og_image":[{"width":1140,"height":641,"url":"https:\/\/amocartagenatour.com\/wp-content\/uploads\/2026\/02\/ANielsen_RosarioDeMar_3_CommonAreas_27.jpg","type":"image\/jpeg"}],"twitter_card":"summary_large_image","twitter_misc":{"Est. reading time":"2 minutes"},"schema":{"@context":"https:\/\/schema.org","@graph":[{"@type":"WebPage","@id":"https:\/\/amocartagenatour.com\/producto\/amocartagena-com-tours-hotel-rosario-de-mar-tequendama-pasadia\/","url":"https:\/\/amocartagenatour.com\/producto\/amocartagena-com-tours-hotel-rosario-de-mar-tequendama-pasadia\/","name":"Rosario de Mar By TequendamaRosario de Mar | Pasad\u00eda de Lujo","isPartOf":{"@id":"https:\/\/amocartagenatour.com\/#website"},"primaryImageOfPage":{"@id":"https:\/\/amocartagenatour.com\/producto\/amocartagena-com-tours-hotel-rosario-de-mar-tequendama-pasadia\/#primaryimage"},"image":{"@id":"https:\/\/amocartagenatour.com\/producto\/amocartagena-com-tours-hotel-rosario-de-mar-tequendama-pasadia\/#primaryimage"},"thumbnailUrl":"https:\/\/amocartagenatour.com\/wp-content\/uploads\/2026\/02\/ANielsen_RosarioDeMar_3_CommonAreas_27.jpg","datePublished":"2026-02-18T17:52:20+00:00","dateModified":"2026-02-18T18:48:01+00:00","description":"Disfruta del pasad\u00eda en el Hotel Rosario de Mar By Tequendama. Incluye 10 opciones de almuerzo, toallas y playa privada. \u00a1Calidad hotelera en las islas!","breadcrumb":{"@id":"https:\/\/amocartagenatour.com\/producto\/amocartagena-com-tours-hotel-rosario-de-mar-tequendama-pasadia\/#breadcrumb"},"inLanguage":"en-US","potentialAction":[{"@type":"ReadAction","target":["https:\/\/amocartagenatour.com\/producto\/amocartagena-com-tours-hotel-rosario-de-mar-tequendama-pasadia\/"]}]},{"@type":"ImageObject","inLanguage":"en-US","@id":"https:\/\/amocartagenatour.com\/producto\/amocartagena-com-tours-hotel-rosario-de-mar-tequendama-pasadia\/#primaryimage","url":"https:\/\/amocartagenatour.com\/wp-content\/uploads\/2026\/02\/ANielsen_RosarioDeMar_3_CommonAreas_27.jpg","contentUrl":"https:\/\/amocartagenatour.com\/wp-content\/uploads\/2026\/02\/ANielsen_RosarioDeMar_3_CommonAreas_27.jpg","width":1140,"height":641},{"@type":"BreadcrumbList","@id":"https:\/\/amocartagenatour.com\/producto\/amocartagena-com-tours-hotel-rosario-de-mar-tequendama-pasadia\/#breadcrumb","itemListElement":[{"@type":"ListItem","position":1,"name":"Home","item":"https:\/\/amocartagenatour.com\/"},{"@type":"ListItem","position":2,"name":"Tienda","item":"https:\/\/amocartagenatour.com\/tienda\/"},{"@type":"ListItem","position":3,"name":"Rosario de Mar"}]},{"@type":"WebSite","@id":"https:\/\/amocartagenatour.com\/#website","url":"https:\/\/amocartagenatour.com\/","name":"Amo Cartagena Tour Company","description":"Tours\ud83d\udccd Alquiler de Embarcaciones\ud83d\udea4 Pasad\u00edas\ud83c\udfdd\ufe0f Y M\u00e1s\u2728","potentialAction":[{"@type":"SearchAction","target":{"@type":"EntryPoint","urlTemplate":"https:\/\/amocartagenatour.com\/?s={search_term_string}"},"query-input":{"@type":"PropertyValueSpecification","valueRequired":true,"valueName":"search_term_string"}}],"inLanguage":"en-US"}]}},"_links":{"self":[{"href":"https:\/\/amocartagenatour.com\/en\/wp-json\/wp\/v2\/product\/2822","targetHints":{"allow":["GET"]}}],"collection":[{"href":"https:\/\/amocartagenatour.com\/en\/wp-json\/wp\/v2\/product"}],"about":[{"href":"https:\/\/amocartagenatour.com\/en\/wp-json\/wp\/v2\/types\/product"}],"replies":[{"embeddable":true,"href":"https:\/\/amocartagenatour.com\/en\/wp-json\/wp\/v2\/comments?post=2822"}],"version-history":[{"count":0,"href":"https:\/\/amocartagenatour.com\/en\/wp-json\/wp\/v2\/product\/2822\/revisions"}],"wp:featuredmedia":[{"embeddable":true,"href":"https:\/\/amocartagenatour.com\/en\/wp-json\/wp\/v2\/media\/2828"}],"wp:attachment":[{"href":"https:\/\/amocartagenatour.com\/en\/wp-json\/wp\/v2\/media?parent=2822"}],"wp:term":[{"taxonomy":"product_brand","embeddable":true,"href":"https:\/\/amocartagenatour.com\/en\/wp-json\/wp\/v2\/product_brand?post=2822"},{"taxonomy":"product_cat","embeddable":true,"href":"https:\/\/amocartagenatour.com\/en\/wp-json\/wp\/v2\/product_cat?post=2822"},{"taxonomy":"product_tag","embeddable":true,"href":"https:\/\/amocartagenatour.com\/en\/wp-json\/wp\/v2\/product_tag?post=2822"}],"curies":[{"name":"wp","href":"https:\/\/api.w.org\/{rel}","templated":true}]}}