{"id":40,"date":"2021-09-20T17:18:11","date_gmt":"2021-09-20T22:18:11","guid":{"rendered":"https:\/\/amocartagenatour.com\/?post_type=product&#038;p=40"},"modified":"2026-02-25T23:27:29","modified_gmt":"2026-02-26T04:27:29","slug":"amocartagena-com-tours-noche-blanca-bahia-cartagena","status":"publish","type":"product","link":"https:\/\/amocartagenatour.com\/en\/producto\/amocartagena-com-tours-noche-blanca-bahia-cartagena\/","title":{"rendered":"White Night Dinner"},"content":{"rendered":"<div class=\"a-text--first-content _for-copy-large l-hide-for-large\">\n<p><span style=\"color: #000000;\"><strong>White Night<\/strong> in this boat you will enjoy a delicious <strong>dinner in the bay of Cartagena<\/strong>. When night falls and the city is dressed in lights, the ideal environment is created for a <strong>Dinner<\/strong> unforgettable.<\/span><\/p>\n<p><span style=\"color: #000000;\">We will leave from the\u00a0<strong>Bodeguita pier<\/strong>, next to the historic center of Cartagena.<\/span><\/p>\n<p><span style=\"color: #000000;\">During the three hours of <strong>White Night<\/strong> we will enjoy on board the boat Bequ\u00eda the landscape of the <strong>Cartagena bay<\/strong>. Accompanied by the best music, you will taste a <strong>Buffet dinner<\/strong><\/span><\/p>\n<p><iframe title=\"Cena en Barco - Noche para dos - Fiesta en barco por la bah\u00eda - Noche Blanca en Cartagena\" width=\"900\" height=\"506\" src=\"https:\/\/www.youtube.com\/embed\/eAxUhejsB9w?feature=oembed\" frameborder=\"0\" allow=\"accelerometer; autoplay; clipboard-write; encrypted-media; gyroscope; picture-in-picture; web-share\" referrerpolicy=\"strict-origin-when-cross-origin\" allowfullscreen><\/iframe><\/p>\n<p class=\"new-fading-text__hidden-element\"><span style=\"color: #000000;\">The walk will take us to BocaGrande, where the <strong>bay<\/strong> joins the Caribbean Sea. From here you will have the best views of the city and you can admire the lights of the skyscrapers and the <strong>historic center of Cartagena<\/strong>. The ideal setting for a\u00a0<strong>romantic dinner!<\/strong><\/span><\/p>\n<ul>\n<li><span style=\"color: #339966;\"><a style=\"color: #339966;\" href=\"https:\/\/amocartagenatour.com\/en\/categoria-producto\/alquiler-de-botes-deportivos-en-cartagena\/\">Private sports boat rental for celebrations and night tour of the bay<\/a><\/span><\/li>\n<\/ul>\n<p><span style=\"color: #000000;\">The purpose of the <strong>White Night<\/strong>, whose name is given when it is held after sunset, is to bring contemporary artistic creation closer to citizens. The common goals of all the cities that organize <strong>White Nights<\/strong> They are: gratuity, avant-garde, citizenship and sustainability. In addition, the exchange of experiences with the development of joint programs is encouraged.<\/span><\/p>\n<p class=\"new-fading-text__hidden-element\"><span style=\"color: #000000;\">As we navigate the <strong>bay back to Cartagena<\/strong>, you can contemplate the night landscape or dance to the rhythm of the music to say goodbye to the night in style.<\/span><\/p>\n<\/div>\n<p><span style=\"color: #000000;\">Enjoy a magical and wonderful experience\u00a0<strong>dining and partying<\/strong>\u00a0under the stars of the sky\u00a0<strong>Cartagenero<\/strong>.<\/span><\/p>\n<p><span style=\"color: #000000;\"><strong>3 hours of travel. Approx.<\/strong><\/span><\/p>\n<p><span style=\"color: #000000;\"><strong>INCLUDES:<\/strong><\/span><\/p>\n<ul>\n<li>\n<p data-path-to-node=\"10,0,0\"><b data-path-to-node=\"10,0,0\" data-index-in-node=\"0\">Navegaci\u00f3n:<\/b> Recorrido de 3 horas por la bah\u00eda de Cartagena.<\/p>\n<\/li>\n<li>\n<p data-path-to-node=\"10,1,0\"><b data-path-to-node=\"10,1,0\" data-index-in-node=\"0\">Barra Libre:<\/b> C\u00f3cteles con licores nacionales (no incluye cerveza), gaseosas y agua servidas en vaso.<\/p>\n<\/li>\n<li>\n<p data-path-to-node=\"10,2,0\"><b data-path-to-node=\"10,2,0\" data-index-in-node=\"0\">Bienvenida:<\/b> C\u00f3ctel de cortes\u00eda al abordar.<\/p>\n<\/li>\n<li>\n<p data-path-to-node=\"10,3,0\"><b data-path-to-node=\"10,3,0\" data-index-in-node=\"0\">Cena Completa:<\/b> 2 prote\u00ednas, 4 acompa\u00f1amientos, bebida y postre.<\/p>\n<\/li>\n<li>\n<p data-path-to-node=\"10,4,0\"><b data-path-to-node=\"10,4,0\" data-index-in-node=\"0\">Entretenimiento:<\/b> Show de baile en vivo, DJ, animador y bailarines a bordo.<\/p>\n<\/li>\n<li>\n<p data-path-to-node=\"10,5,0\"><b data-path-to-node=\"10,5,0\" data-index-in-node=\"0\">Comodidad:<\/b> Mesas compartidas y protocolos de seguridad integral.<\/p>\n<\/li>\n<\/ul>\n<p><span style=\"color: #000000;\"><strong>NOT INCLUDE:<\/strong><\/span><\/p>\n<ul>\n<li>\n<p data-path-to-node=\"12,0,0\"><b data-path-to-node=\"12,0,0\" data-index-in-node=\"0\">Tasa Portuaria:<\/b> Impuesto de muelle de $18.000 COP por persona (pago obligatorio en efectivo).<\/p>\n<\/li>\n<li>\n<p data-path-to-node=\"12,1,0\"><b data-path-to-node=\"12,1,0\" data-index-in-node=\"0\">Gastos Extra:<\/b> Servicios o consumos no especificados en el paquete.<\/p>\n<\/li>\n<li>\n<p data-path-to-node=\"12,2,0\"><b data-path-to-node=\"12,2,0\" data-index-in-node=\"0\">Transporte:<\/b> Traslado terrestre hasta el muelle.<\/p>\n<\/li>\n<\/ul>\n<p><span style=\"color: #000000;\"><strong>HORARIOS Y SALIDAS<\/strong><\/span><\/p>\n<p data-path-to-node=\"14,0,0\"><b data-path-to-node=\"14,0,0\" data-index-in-node=\"0\">D\u00edas:<\/b> De Lunes a Domingo.<\/p>\n<p data-path-to-node=\"14,1,0\"><b data-path-to-node=\"14,1,0\" data-index-in-node=\"0\">Check-in:<\/b> 07:15 p.m.<\/p>\n<p data-path-to-node=\"14,2,0\"><b data-path-to-node=\"14,2,0\" data-index-in-node=\"0\">Recorrido:<\/b> De 08:00 p.m. a 11:00 p.m.<\/p>\n<p><span style=\"color: #000000;\"><strong>PUNTO DE ENCUENTRO<\/strong><\/span><\/p>\n<p data-path-to-node=\"14,0,0\">Muelle de La Bodeguita, Puerta #4 \u2013 Zona de Vidrio.<\/p>\n<p><span style=\"color: #000000;\"><strong>OPCIONALES<\/strong><\/span><\/p>\n<p data-path-to-node=\"14,0,0\">Muelle de La Bodeguita, Puerta #4 \u2013 Zona de Vidrio.<\/p>\n<h5><span style=\"color: #000000;\"><strong>RECOMMENDATIONS<\/strong><\/span><\/h5>\n<ul>\n<li><span style=\"color: #000000;\">Punctuality, comfortable clothing (It is recommended to wear white clothes), hydrate a lot.<\/span><\/li>\n<\/ul>\n<p><span style=\"color: #000000;\"><strong>BOOK YOUR SPACE NOW !!<\/strong><\/span><\/p>","protected":false},"excerpt":{"rendered":"<p>Vive la emblem\u00e1tica Noche Blanca en Cartagena. Un recorrido cultural de tres horas con cena, show en vivo y barra libre nacional.<\/p>","protected":false},"featured_media":573,"comment_status":"open","ping_status":"closed","template":"","meta":{"_joinchat":[]},"product_brand":[],"product_cat":[134],"product_tag":[160,395,285,442,455,471,470,399,467,439,469,468],"class_list":{"0":"post-40","1":"product","2":"type-product","3":"status-publish","4":"has-post-thumbnail","6":"product_cat-atardeceres-noches-cartagena","7":"product_tag-amo-cartagena","8":"product_tag-bahia-de-cartagena","9":"product_tag-barra-libre-nacional","10":"product_tag-cartagena-2026","11":"product_tag-cena-en-barco","12":"product_tag-evento-nocturno","13":"product_tag-fiesta-tradicional","14":"product_tag-muelle-de-la-bodeguita","15":"product_tag-noche-blanca","16":"product_tag-plan-parejas","17":"product_tag-show-en-vivo","18":"product_tag-tour-cultural","20":"first","21":"instock","22":"virtual","23":"purchasable","24":"product-type-simple"},"yoast_head":"<!-- This site is optimized with the Yoast SEO plugin v26.6 - https:\/\/yoast.com\/wordpress\/plugins\/seo\/ -->\n<title>Tour Noche Blanca Cartagena Cena y Fiesta en la Bah\u00eda<\/title>\n<meta name=\"description\" content=\"Noche Blanca en este Barco disfrutar\u00e1s de una deliciosa cena en la bah\u00eda de Cartagena. Durante el tour Noche Blanca disfrutaremos a bordo del barco Bequ\u00eda\" \/>\n<meta name=\"robots\" content=\"index, follow, max-snippet:-1, max-image-preview:large, max-video-preview:-1\" \/>\n<link rel=\"canonical\" href=\"https:\/\/amocartagenatour.com\/en\/producto\/amocartagena-com-tours-noche-blanca-bahia-cartagena\/\" \/>\n<meta property=\"og:locale\" content=\"en_US\" \/>\n<meta property=\"og:type\" content=\"article\" \/>\n<meta property=\"og:title\" content=\"Tour Noche Blanca Cartagena Cena y Fiesta en la Bah\u00eda\" \/>\n<meta property=\"og:description\" content=\"Noche Blanca en este Barco disfrutar\u00e1s de una deliciosa cena en la bah\u00eda de Cartagena. Durante el tour Noche Blanca disfrutaremos a bordo del barco Bequ\u00eda\" \/>\n<meta property=\"og:url\" content=\"https:\/\/amocartagenatour.com\/en\/producto\/amocartagena-com-tours-noche-blanca-bahia-cartagena\/\" \/>\n<meta property=\"og:site_name\" content=\"Amo Cartagena Tour Company\" \/>\n<meta property=\"article:modified_time\" content=\"2026-02-26T04:27:29+00:00\" \/>\n<meta property=\"og:image\" content=\"https:\/\/amocartagenatour.com\/wp-content\/uploads\/2021\/10\/Noche-Blanca-en-Cartagena.png\" \/>\n\t<meta property=\"og:image:width\" content=\"966\" \/>\n\t<meta property=\"og:image:height\" content=\"537\" \/>\n\t<meta property=\"og:image:type\" content=\"image\/png\" \/>\n<meta name=\"twitter:card\" content=\"summary_large_image\" \/>\n<meta name=\"twitter:label1\" content=\"Est. reading time\" \/>\n\t<meta name=\"twitter:data1\" content=\"2 minutes\" \/>\n<script type=\"application\/ld+json\" class=\"yoast-schema-graph\">{\"@context\":\"https:\/\/schema.org\",\"@graph\":[{\"@type\":\"WebPage\",\"@id\":\"https:\/\/amocartagenatour.com\/producto\/amocartagena-com-tours-noche-blanca-bahia-cartagena\/\",\"url\":\"https:\/\/amocartagenatour.com\/producto\/amocartagena-com-tours-noche-blanca-bahia-cartagena\/\",\"name\":\"Tour Noche Blanca Cartagena Cena y Fiesta en la Bah\u00eda\",\"isPartOf\":{\"@id\":\"https:\/\/amocartagenatour.com\/#website\"},\"primaryImageOfPage\":{\"@id\":\"https:\/\/amocartagenatour.com\/producto\/amocartagena-com-tours-noche-blanca-bahia-cartagena\/#primaryimage\"},\"image\":{\"@id\":\"https:\/\/amocartagenatour.com\/producto\/amocartagena-com-tours-noche-blanca-bahia-cartagena\/#primaryimage\"},\"thumbnailUrl\":\"https:\/\/amocartagenatour.com\/wp-content\/uploads\/2021\/10\/Noche-Blanca-en-Cartagena.png\",\"datePublished\":\"2021-09-20T22:18:11+00:00\",\"dateModified\":\"2026-02-26T04:27:29+00:00\",\"description\":\"Noche Blanca en este Barco disfrutar\u00e1s de una deliciosa cena en la bah\u00eda de Cartagena. Durante el tour Noche Blanca disfrutaremos a bordo del barco Bequ\u00eda\",\"breadcrumb\":{\"@id\":\"https:\/\/amocartagenatour.com\/producto\/amocartagena-com-tours-noche-blanca-bahia-cartagena\/#breadcrumb\"},\"inLanguage\":\"en-US\",\"potentialAction\":[{\"@type\":\"ReadAction\",\"target\":[\"https:\/\/amocartagenatour.com\/producto\/amocartagena-com-tours-noche-blanca-bahia-cartagena\/\"]}]},{\"@type\":\"ImageObject\",\"inLanguage\":\"en-US\",\"@id\":\"https:\/\/amocartagenatour.com\/producto\/amocartagena-com-tours-noche-blanca-bahia-cartagena\/#primaryimage\",\"url\":\"https:\/\/amocartagenatour.com\/wp-content\/uploads\/2021\/10\/Noche-Blanca-en-Cartagena.png\",\"contentUrl\":\"https:\/\/amocartagenatour.com\/wp-content\/uploads\/2021\/10\/Noche-Blanca-en-Cartagena.png\",\"width\":966,\"height\":537,\"caption\":\"Noche Blanca en Cartagena\"},{\"@type\":\"BreadcrumbList\",\"@id\":\"https:\/\/amocartagenatour.com\/producto\/amocartagena-com-tours-noche-blanca-bahia-cartagena\/#breadcrumb\",\"itemListElement\":[{\"@type\":\"ListItem\",\"position\":1,\"name\":\"Home\",\"item\":\"https:\/\/amocartagenatour.com\/\"},{\"@type\":\"ListItem\",\"position\":2,\"name\":\"Tienda\",\"item\":\"https:\/\/amocartagenatour.com\/tienda\/\"},{\"@type\":\"ListItem\",\"position\":3,\"name\":\"Cena Noche Blanca\"}]},{\"@type\":\"WebSite\",\"@id\":\"https:\/\/amocartagenatour.com\/#website\",\"url\":\"https:\/\/amocartagenatour.com\/\",\"name\":\"Amo Cartagena Tour Company\",\"description\":\"Tours\ud83d\udccd Alquiler de Embarcaciones\ud83d\udea4 Pasad\u00edas\ud83c\udfdd\ufe0f Y M\u00e1s\u2728\",\"potentialAction\":[{\"@type\":\"SearchAction\",\"target\":{\"@type\":\"EntryPoint\",\"urlTemplate\":\"https:\/\/amocartagenatour.com\/?s={search_term_string}\"},\"query-input\":{\"@type\":\"PropertyValueSpecification\",\"valueRequired\":true,\"valueName\":\"search_term_string\"}}],\"inLanguage\":\"en-US\"}]}<\/script>\n<!-- \/ Yoast SEO plugin. -->","yoast_head_json":{"title":"Tour Noche Blanca Cartagena Cena y Fiesta en la Bah\u00eda","description":"Noche Blanca en este Barco disfrutar\u00e1s de una deliciosa cena en la bah\u00eda de Cartagena. Durante el tour Noche Blanca disfrutaremos a bordo del barco Bequ\u00eda","robots":{"index":"index","follow":"follow","max-snippet":"max-snippet:-1","max-image-preview":"max-image-preview:large","max-video-preview":"max-video-preview:-1"},"canonical":"https:\/\/amocartagenatour.com\/en\/producto\/amocartagena-com-tours-noche-blanca-bahia-cartagena\/","og_locale":"en_US","og_type":"article","og_title":"Tour Noche Blanca Cartagena Cena y Fiesta en la Bah\u00eda","og_description":"Noche Blanca en este Barco disfrutar\u00e1s de una deliciosa cena en la bah\u00eda de Cartagena. Durante el tour Noche Blanca disfrutaremos a bordo del barco Bequ\u00eda","og_url":"https:\/\/amocartagenatour.com\/en\/producto\/amocartagena-com-tours-noche-blanca-bahia-cartagena\/","og_site_name":"Amo Cartagena Tour Company","article_modified_time":"2026-02-26T04:27:29+00:00","og_image":[{"width":966,"height":537,"url":"https:\/\/amocartagenatour.com\/wp-content\/uploads\/2021\/10\/Noche-Blanca-en-Cartagena.png","type":"image\/png"}],"twitter_card":"summary_large_image","twitter_misc":{"Est. reading time":"2 minutes"},"schema":{"@context":"https:\/\/schema.org","@graph":[{"@type":"WebPage","@id":"https:\/\/amocartagenatour.com\/producto\/amocartagena-com-tours-noche-blanca-bahia-cartagena\/","url":"https:\/\/amocartagenatour.com\/producto\/amocartagena-com-tours-noche-blanca-bahia-cartagena\/","name":"Tour Noche Blanca Cartagena Cena y Fiesta en la Bah\u00eda","isPartOf":{"@id":"https:\/\/amocartagenatour.com\/#website"},"primaryImageOfPage":{"@id":"https:\/\/amocartagenatour.com\/producto\/amocartagena-com-tours-noche-blanca-bahia-cartagena\/#primaryimage"},"image":{"@id":"https:\/\/amocartagenatour.com\/producto\/amocartagena-com-tours-noche-blanca-bahia-cartagena\/#primaryimage"},"thumbnailUrl":"https:\/\/amocartagenatour.com\/wp-content\/uploads\/2021\/10\/Noche-Blanca-en-Cartagena.png","datePublished":"2021-09-20T22:18:11+00:00","dateModified":"2026-02-26T04:27:29+00:00","description":"Noche Blanca en este Barco disfrutar\u00e1s de una deliciosa cena en la bah\u00eda de Cartagena. Durante el tour Noche Blanca disfrutaremos a bordo del barco Bequ\u00eda","breadcrumb":{"@id":"https:\/\/amocartagenatour.com\/producto\/amocartagena-com-tours-noche-blanca-bahia-cartagena\/#breadcrumb"},"inLanguage":"en-US","potentialAction":[{"@type":"ReadAction","target":["https:\/\/amocartagenatour.com\/producto\/amocartagena-com-tours-noche-blanca-bahia-cartagena\/"]}]},{"@type":"ImageObject","inLanguage":"en-US","@id":"https:\/\/amocartagenatour.com\/producto\/amocartagena-com-tours-noche-blanca-bahia-cartagena\/#primaryimage","url":"https:\/\/amocartagenatour.com\/wp-content\/uploads\/2021\/10\/Noche-Blanca-en-Cartagena.png","contentUrl":"https:\/\/amocartagenatour.com\/wp-content\/uploads\/2021\/10\/Noche-Blanca-en-Cartagena.png","width":966,"height":537,"caption":"Noche Blanca en Cartagena"},{"@type":"BreadcrumbList","@id":"https:\/\/amocartagenatour.com\/producto\/amocartagena-com-tours-noche-blanca-bahia-cartagena\/#breadcrumb","itemListElement":[{"@type":"ListItem","position":1,"name":"Home","item":"https:\/\/amocartagenatour.com\/"},{"@type":"ListItem","position":2,"name":"Tienda","item":"https:\/\/amocartagenatour.com\/tienda\/"},{"@type":"ListItem","position":3,"name":"Cena Noche Blanca"}]},{"@type":"WebSite","@id":"https:\/\/amocartagenatour.com\/#website","url":"https:\/\/amocartagenatour.com\/","name":"Amo Cartagena Tour Company","description":"Tours\ud83d\udccd Alquiler de Embarcaciones\ud83d\udea4 Pasad\u00edas\ud83c\udfdd\ufe0f Y M\u00e1s\u2728","potentialAction":[{"@type":"SearchAction","target":{"@type":"EntryPoint","urlTemplate":"https:\/\/amocartagenatour.com\/?s={search_term_string}"},"query-input":{"@type":"PropertyValueSpecification","valueRequired":true,"valueName":"search_term_string"}}],"inLanguage":"en-US"}]}},"_links":{"self":[{"href":"https:\/\/amocartagenatour.com\/en\/wp-json\/wp\/v2\/product\/40","targetHints":{"allow":["GET"]}}],"collection":[{"href":"https:\/\/amocartagenatour.com\/en\/wp-json\/wp\/v2\/product"}],"about":[{"href":"https:\/\/amocartagenatour.com\/en\/wp-json\/wp\/v2\/types\/product"}],"replies":[{"embeddable":true,"href":"https:\/\/amocartagenatour.com\/en\/wp-json\/wp\/v2\/comments?post=40"}],"version-history":[{"count":0,"href":"https:\/\/amocartagenatour.com\/en\/wp-json\/wp\/v2\/product\/40\/revisions"}],"wp:featuredmedia":[{"embeddable":true,"href":"https:\/\/amocartagenatour.com\/en\/wp-json\/wp\/v2\/media\/573"}],"wp:attachment":[{"href":"https:\/\/amocartagenatour.com\/en\/wp-json\/wp\/v2\/media?parent=40"}],"wp:term":[{"taxonomy":"product_brand","embeddable":true,"href":"https:\/\/amocartagenatour.com\/en\/wp-json\/wp\/v2\/product_brand?post=40"},{"taxonomy":"product_cat","embeddable":true,"href":"https:\/\/amocartagenatour.com\/en\/wp-json\/wp\/v2\/product_cat?post=40"},{"taxonomy":"product_tag","embeddable":true,"href":"https:\/\/amocartagenatour.com\/en\/wp-json\/wp\/v2\/product_tag?post=40"}],"curies":[{"name":"wp","href":"https:\/\/api.w.org\/{rel}","templated":true}]}}