{"id":422,"date":"2021-10-05T09:35:27","date_gmt":"2021-10-05T14:35:27","guid":{"rendered":"https:\/\/amocartagenatour.com\/?post_type=product&#038;p=422"},"modified":"2026-02-17T15:59:08","modified_gmt":"2026-02-17T20:59:08","slug":"amocartagena-com-tours-pasadia-playa-blanca-baru-bus","status":"publish","type":"product","link":"https:\/\/amocartagenatour.com\/en\/producto\/amocartagena-com-tours-pasadia-playa-blanca-baru-bus\/","title":{"rendered":"White beach Baru"},"content":{"rendered":"<p><span style=\"color: #000000;\"><strong>, White beach <\/strong><b>Bar\u00fa<\/b>\u00a0It is a coastal area located to the south and 45 minutes from\u00a0<strong>Cartagena of Indias<\/strong>, famous for its white beaches and turquoise water.<\/span><\/p>\n<p><span style=\"color: #000000;\">Today it is a place of great tourist boom. Most of the beaches are private, owned by individuals or tourist enterprises, except\u00a0<strong>, White beach<\/strong>\u00a0<b>Bar\u00fa<\/b>\u00a0which is the only public beach.<\/span><\/p>\n<p><span style=\"color: #000000;\"><strong>White beach Baru<\/strong> It is really beautiful, the water is a brilliant shade of aquamarine, the sand is white and dusty, and the beach is full of restaurants and bars, perfect to enjoy a delicious typical Caribbean lunch (fish, coconut rice, patacones and salad) after a long time of sunbathing ideal for tanning!<\/span><\/p>\n<p><span style=\"color: #000000;\">While not surprisingly, as one of the most stunning beaches in Cartagena, Colombia<strong>, White beach<\/strong> be quite popular with any tourist looking for a beach getaway during their trip to Colombia!<\/span><\/p>\n<p><span style=\"color: #000000;\">In the\u00a0<strong>Bar\u00fa peninsula<\/strong>\u00a0there are several villages for a total population of about 20,000 people. Most of them live thanks to tourism, be it working in hotel facilities or selling handicrafts to visitors.<\/span><\/p>\n<p><span style=\"color: #000000;\">Being part of the Caribbean, once you are in the<strong> Rosario Islands<\/strong>, you can expect all the beaches to have that perfect shade of turquoise water and the softest, whitest sand for lounging<\/span><\/p>\n<p><span style=\"color: #000000;\">You can't leave\u00a0<strong>Cartagena<\/strong> without knowing <strong>White beach<\/strong> <b>Bar\u00fa<\/b> this place is magical<\/span><\/p>\n<h4><span style=\"color: #000000;\">How to get to White beach Baru<\/span><\/h4>\n<ol>\n<li><span style=\"color: #000000;\">One of the options is by bus for people looking for economy and enjoy a day at the beach<\/span><\/li>\n<li><span style=\"color: #000000;\"><span style=\"color: #000000;\">The second option is departure from the wharf la bodeguita by speedboat for a higher value (plus dock tax) where in addition to <\/span><strong style=\"color: #000000;\">White beach<\/strong><span style=\"color: #000000;\"> they are given a panoramic tour of the <\/span><strong style=\"color: #000000;\">Rosario Islands<\/strong><span style=\"color: #000000;\"> with only stop in the\u00a0<b>Oceanarium<\/b><\/span><b style=\"color: #000000;\"> <\/b><span style=\"color: #000000;\">the day trips leaving the dock the bodeguita by boat must pay a tax<\/span><\/span><\/li>\n<\/ol>\n<p><span style=\"color: #000000;\"><strong>INCLUDES<\/strong>:<\/span><\/p>\n<ul>\n<li><span style=\"color: #000000;\">Pick up and drop off<\/span><\/li>\n<li><span style=\"color: #000000;\">Air-conditioned bus<\/span><\/li>\n<li><span style=\"color: #000000;\">Typical lunch of the region (fish or chicken, coconut rice, patacones, salad and lemonade)<\/span><\/li>\n<li><span style=\"color: #000000;\">Guide\u00a0<\/span><\/li>\n<li><span style=\"color: #000000;\">Sea bath in <strong>White beach Baru<\/strong><\/span><\/li>\n<\/ul>\n<p><span style=\"color: #000000;\"><strong>NOT INCLUDE<\/strong>:<\/span><\/p>\n<ul>\n<li><span style=\"color: #000000;\">Tents, chairs and umbrellas, food and drinks not specified within the plan<\/span><\/li>\n<li><span style=\"color: #000000;\">Dock tax (only for boat departure)<\/span><\/li>\n<\/ul>\n<h5><span style=\"color: #000000;\"><strong>BOOK YOUR SPACE NOW !!<\/strong><\/span><\/h5>","protected":false},"excerpt":{"rendered":"<p>Emb\u00e1rcate en un fascinante tour hacia Playa Blanca, en la pen\u00ednsula de Bar\u00fa. Disfruta de aguas cristalinas, arenas blancas y un delicioso almuerzo t\u00edpico caribe\u00f1o.<\/p>","protected":false},"featured_media":1038,"comment_status":"open","ping_status":"closed","template":"","meta":{"_joinchat":[]},"product_brand":[],"product_cat":[54],"product_tag":[271,160,179,275,139,272,269,276,274,201,270,273],"class_list":{"0":"post-422","1":"product","2":"type-product","3":"status-publish","4":"has-post-thumbnail","6":"product_cat-pasadias-isla-baru","7":"product_tag-almuerzo-tipico","8":"product_tag-amo-cartagena","9":"product_tag-cartagena-de-indias","10":"product_tag-excursion-de-un-dia","11":"product_tag-isla-baru","12":"product_tag-mar-caribe","13":"product_tag-pasadia-economico","14":"product_tag-planes-baratos-cartagena","15":"product_tag-playa-baru","16":"product_tag-playa-blanca","17":"product_tag-tour-en-bus","18":"product_tag-turismo-en-cartagena","20":"first","21":"instock","22":"virtual","23":"purchasable","24":"product-type-simple"},"yoast_head":"<!-- This site is optimized with the Yoast SEO plugin v26.6 - https:\/\/yoast.com\/wordpress\/plugins\/seo\/ -->\n<title>Playa Blanca Bar\u00fa | Pasad\u00eda Econ\u00f3mico desde Cartagena<\/title>\n<meta name=\"description\" content=\"Playa blanca baru no puedes irte de cartagena sin conocer este lugar magico. Playa blanca baru famosa por sus aguas cristalinas y arena blanca\" \/>\n<meta name=\"robots\" content=\"index, follow, max-snippet:-1, max-image-preview:large, max-video-preview:-1\" \/>\n<link rel=\"canonical\" href=\"https:\/\/amocartagenatour.com\/en\/producto\/amocartagena-com-tours-pasadia-playa-blanca-baru-bus\/\" \/>\n<meta property=\"og:locale\" content=\"en_US\" \/>\n<meta property=\"og:type\" content=\"article\" \/>\n<meta property=\"og:title\" content=\"Playa Blanca Bar\u00fa | Pasad\u00eda Econ\u00f3mico desde Cartagena\" \/>\n<meta property=\"og:description\" content=\"Playa blanca baru no puedes irte de cartagena sin conocer este lugar magico. Playa blanca baru famosa por sus aguas cristalinas y arena blanca\" \/>\n<meta property=\"og:url\" content=\"https:\/\/amocartagenatour.com\/en\/producto\/amocartagena-com-tours-pasadia-playa-blanca-baru-bus\/\" \/>\n<meta property=\"og:site_name\" content=\"Amo Cartagena Tour Company\" \/>\n<meta property=\"article:modified_time\" content=\"2026-02-17T20:59:08+00:00\" \/>\n<meta property=\"og:image\" content=\"https:\/\/amocartagenatour.com\/wp-content\/uploads\/2022\/03\/Baru-playa-de-hermosas-aguas.png\" \/>\n\t<meta property=\"og:image:width\" content=\"800\" \/>\n\t<meta property=\"og:image:height\" content=\"600\" \/>\n\t<meta property=\"og:image:type\" content=\"image\/png\" \/>\n<meta name=\"twitter:card\" content=\"summary_large_image\" \/>\n<meta name=\"twitter:label1\" content=\"Est. reading time\" \/>\n\t<meta name=\"twitter:data1\" content=\"2 minutes\" \/>\n<script type=\"application\/ld+json\" class=\"yoast-schema-graph\">{\"@context\":\"https:\/\/schema.org\",\"@graph\":[{\"@type\":\"WebPage\",\"@id\":\"https:\/\/amocartagenatour.com\/producto\/amocartagena-com-tours-pasadia-playa-blanca-baru-bus\/\",\"url\":\"https:\/\/amocartagenatour.com\/producto\/amocartagena-com-tours-pasadia-playa-blanca-baru-bus\/\",\"name\":\"Playa Blanca Bar\u00fa | Pasad\u00eda Econ\u00f3mico desde Cartagena\",\"isPartOf\":{\"@id\":\"https:\/\/amocartagenatour.com\/#website\"},\"primaryImageOfPage\":{\"@id\":\"https:\/\/amocartagenatour.com\/producto\/amocartagena-com-tours-pasadia-playa-blanca-baru-bus\/#primaryimage\"},\"image\":{\"@id\":\"https:\/\/amocartagenatour.com\/producto\/amocartagena-com-tours-pasadia-playa-blanca-baru-bus\/#primaryimage\"},\"thumbnailUrl\":\"https:\/\/amocartagenatour.com\/wp-content\/uploads\/2022\/03\/Baru-playa-de-hermosas-aguas.png\",\"datePublished\":\"2021-10-05T14:35:27+00:00\",\"dateModified\":\"2026-02-17T20:59:08+00:00\",\"description\":\"Playa blanca baru no puedes irte de cartagena sin conocer este lugar magico. Playa blanca baru famosa por sus aguas cristalinas y arena blanca\",\"breadcrumb\":{\"@id\":\"https:\/\/amocartagenatour.com\/producto\/amocartagena-com-tours-pasadia-playa-blanca-baru-bus\/#breadcrumb\"},\"inLanguage\":\"en-US\",\"potentialAction\":[{\"@type\":\"ReadAction\",\"target\":[\"https:\/\/amocartagenatour.com\/producto\/amocartagena-com-tours-pasadia-playa-blanca-baru-bus\/\"]}]},{\"@type\":\"ImageObject\",\"inLanguage\":\"en-US\",\"@id\":\"https:\/\/amocartagenatour.com\/producto\/amocartagena-com-tours-pasadia-playa-blanca-baru-bus\/#primaryimage\",\"url\":\"https:\/\/amocartagenatour.com\/wp-content\/uploads\/2022\/03\/Baru-playa-de-hermosas-aguas.png\",\"contentUrl\":\"https:\/\/amocartagenatour.com\/wp-content\/uploads\/2022\/03\/Baru-playa-de-hermosas-aguas.png\",\"width\":800,\"height\":600,\"caption\":\"Playa blanca baru\"},{\"@type\":\"BreadcrumbList\",\"@id\":\"https:\/\/amocartagenatour.com\/producto\/amocartagena-com-tours-pasadia-playa-blanca-baru-bus\/#breadcrumb\",\"itemListElement\":[{\"@type\":\"ListItem\",\"position\":1,\"name\":\"Home\",\"item\":\"https:\/\/amocartagenatour.com\/\"},{\"@type\":\"ListItem\",\"position\":2,\"name\":\"Tienda\",\"item\":\"https:\/\/amocartagenatour.com\/tienda\/\"},{\"@type\":\"ListItem\",\"position\":3,\"name\":\"Playa Blanca Baru\"}]},{\"@type\":\"WebSite\",\"@id\":\"https:\/\/amocartagenatour.com\/#website\",\"url\":\"https:\/\/amocartagenatour.com\/\",\"name\":\"Amo Cartagena Tour Company\",\"description\":\"Tours\ud83d\udccd Alquiler de Embarcaciones\ud83d\udea4 Pasad\u00edas\ud83c\udfdd\ufe0f Y M\u00e1s\u2728\",\"potentialAction\":[{\"@type\":\"SearchAction\",\"target\":{\"@type\":\"EntryPoint\",\"urlTemplate\":\"https:\/\/amocartagenatour.com\/?s={search_term_string}\"},\"query-input\":{\"@type\":\"PropertyValueSpecification\",\"valueRequired\":true,\"valueName\":\"search_term_string\"}}],\"inLanguage\":\"en-US\"}]}<\/script>\n<!-- \/ Yoast SEO plugin. -->","yoast_head_json":{"title":"Playa Blanca Bar\u00fa | Pasad\u00eda Econ\u00f3mico desde Cartagena","description":"Playa blanca baru no puedes irte de cartagena sin conocer este lugar magico. Playa blanca baru famosa por sus aguas cristalinas y arena blanca","robots":{"index":"index","follow":"follow","max-snippet":"max-snippet:-1","max-image-preview":"max-image-preview:large","max-video-preview":"max-video-preview:-1"},"canonical":"https:\/\/amocartagenatour.com\/en\/producto\/amocartagena-com-tours-pasadia-playa-blanca-baru-bus\/","og_locale":"en_US","og_type":"article","og_title":"Playa Blanca Bar\u00fa | Pasad\u00eda Econ\u00f3mico desde Cartagena","og_description":"Playa blanca baru no puedes irte de cartagena sin conocer este lugar magico. Playa blanca baru famosa por sus aguas cristalinas y arena blanca","og_url":"https:\/\/amocartagenatour.com\/en\/producto\/amocartagena-com-tours-pasadia-playa-blanca-baru-bus\/","og_site_name":"Amo Cartagena Tour Company","article_modified_time":"2026-02-17T20:59:08+00:00","og_image":[{"width":800,"height":600,"url":"https:\/\/amocartagenatour.com\/wp-content\/uploads\/2022\/03\/Baru-playa-de-hermosas-aguas.png","type":"image\/png"}],"twitter_card":"summary_large_image","twitter_misc":{"Est. reading time":"2 minutes"},"schema":{"@context":"https:\/\/schema.org","@graph":[{"@type":"WebPage","@id":"https:\/\/amocartagenatour.com\/producto\/amocartagena-com-tours-pasadia-playa-blanca-baru-bus\/","url":"https:\/\/amocartagenatour.com\/producto\/amocartagena-com-tours-pasadia-playa-blanca-baru-bus\/","name":"Playa Blanca Bar\u00fa | Pasad\u00eda Econ\u00f3mico desde Cartagena","isPartOf":{"@id":"https:\/\/amocartagenatour.com\/#website"},"primaryImageOfPage":{"@id":"https:\/\/amocartagenatour.com\/producto\/amocartagena-com-tours-pasadia-playa-blanca-baru-bus\/#primaryimage"},"image":{"@id":"https:\/\/amocartagenatour.com\/producto\/amocartagena-com-tours-pasadia-playa-blanca-baru-bus\/#primaryimage"},"thumbnailUrl":"https:\/\/amocartagenatour.com\/wp-content\/uploads\/2022\/03\/Baru-playa-de-hermosas-aguas.png","datePublished":"2021-10-05T14:35:27+00:00","dateModified":"2026-02-17T20:59:08+00:00","description":"Playa blanca baru no puedes irte de cartagena sin conocer este lugar magico. Playa blanca baru famosa por sus aguas cristalinas y arena blanca","breadcrumb":{"@id":"https:\/\/amocartagenatour.com\/producto\/amocartagena-com-tours-pasadia-playa-blanca-baru-bus\/#breadcrumb"},"inLanguage":"en-US","potentialAction":[{"@type":"ReadAction","target":["https:\/\/amocartagenatour.com\/producto\/amocartagena-com-tours-pasadia-playa-blanca-baru-bus\/"]}]},{"@type":"ImageObject","inLanguage":"en-US","@id":"https:\/\/amocartagenatour.com\/producto\/amocartagena-com-tours-pasadia-playa-blanca-baru-bus\/#primaryimage","url":"https:\/\/amocartagenatour.com\/wp-content\/uploads\/2022\/03\/Baru-playa-de-hermosas-aguas.png","contentUrl":"https:\/\/amocartagenatour.com\/wp-content\/uploads\/2022\/03\/Baru-playa-de-hermosas-aguas.png","width":800,"height":600,"caption":"Playa blanca baru"},{"@type":"BreadcrumbList","@id":"https:\/\/amocartagenatour.com\/producto\/amocartagena-com-tours-pasadia-playa-blanca-baru-bus\/#breadcrumb","itemListElement":[{"@type":"ListItem","position":1,"name":"Home","item":"https:\/\/amocartagenatour.com\/"},{"@type":"ListItem","position":2,"name":"Tienda","item":"https:\/\/amocartagenatour.com\/tienda\/"},{"@type":"ListItem","position":3,"name":"Playa Blanca Baru"}]},{"@type":"WebSite","@id":"https:\/\/amocartagenatour.com\/#website","url":"https:\/\/amocartagenatour.com\/","name":"Amo Cartagena Tour Company","description":"Tours\ud83d\udccd Alquiler de Embarcaciones\ud83d\udea4 Pasad\u00edas\ud83c\udfdd\ufe0f Y M\u00e1s\u2728","potentialAction":[{"@type":"SearchAction","target":{"@type":"EntryPoint","urlTemplate":"https:\/\/amocartagenatour.com\/?s={search_term_string}"},"query-input":{"@type":"PropertyValueSpecification","valueRequired":true,"valueName":"search_term_string"}}],"inLanguage":"en-US"}]}},"_links":{"self":[{"href":"https:\/\/amocartagenatour.com\/en\/wp-json\/wp\/v2\/product\/422","targetHints":{"allow":["GET"]}}],"collection":[{"href":"https:\/\/amocartagenatour.com\/en\/wp-json\/wp\/v2\/product"}],"about":[{"href":"https:\/\/amocartagenatour.com\/en\/wp-json\/wp\/v2\/types\/product"}],"replies":[{"embeddable":true,"href":"https:\/\/amocartagenatour.com\/en\/wp-json\/wp\/v2\/comments?post=422"}],"version-history":[{"count":0,"href":"https:\/\/amocartagenatour.com\/en\/wp-json\/wp\/v2\/product\/422\/revisions"}],"wp:featuredmedia":[{"embeddable":true,"href":"https:\/\/amocartagenatour.com\/en\/wp-json\/wp\/v2\/media\/1038"}],"wp:attachment":[{"href":"https:\/\/amocartagenatour.com\/en\/wp-json\/wp\/v2\/media?parent=422"}],"wp:term":[{"taxonomy":"product_brand","embeddable":true,"href":"https:\/\/amocartagenatour.com\/en\/wp-json\/wp\/v2\/product_brand?post=422"},{"taxonomy":"product_cat","embeddable":true,"href":"https:\/\/amocartagenatour.com\/en\/wp-json\/wp\/v2\/product_cat?post=422"},{"taxonomy":"product_tag","embeddable":true,"href":"https:\/\/amocartagenatour.com\/en\/wp-json\/wp\/v2\/product_tag?post=422"}],"curies":[{"name":"wp","href":"https:\/\/api.w.org\/{rel}","templated":true}]}}