{"id":51,"date":"2021-09-20T18:03:11","date_gmt":"2021-09-20T23:03:11","guid":{"rendered":"https:\/\/amocartagenatour.com\/?post_type=product&#038;p=51"},"modified":"2026-02-25T23:14:34","modified_gmt":"2026-02-26T04:14:34","slug":"amocartagena-com-tours-chiva-rumbera-fiesta-cartagena","status":"publish","type":"product","link":"https:\/\/amocartagenatour.com\/en\/producto\/amocartagena-com-tours-chiva-rumbera-fiesta-cartagena\/","title":{"rendered":"Chiva Rumbera"},"content":{"rendered":"<p><span style=\"color: #000000;\">Fun panoramic night tour in <strong>Chiva Rumbera<\/strong> around the city of <strong>Cartagena<\/strong> with music and a national rum bar aboard a fun, typical and colorful bus.<\/span><\/p>\n<p><span style=\"color: #000000;\">The <strong>Chiva Rumbera<\/strong> It is a joyful three-hour tour with live music animation through the main streets and avenues of Bocagrande, <strong>clock tower<\/strong>, Camell\u00f3n de los M\u00e1rtires, El Arsenal, Barrio de Manga and Pie de la Popa.<\/span><\/p>\n<p><span style=\"color: #000000;\">A stop at the old boots in front of the Castillo de San Felipe will allow you to enjoy the magical enchantment of the typical Vallenato music. Second stop at the Castillo de San Felipe where we continue enjoying and dancing, then we go to the Cartagena sign where you can take photos and take a souvenir.<\/span><\/p>\n<ul>\n<li><span style=\"color: #339966;\"><a style=\"color: #339966;\" href=\"https:\/\/amocartagenatour.com\/en\/producto\/city-tour-por-cartagena\/\">Cartagena city tour with entrance to Castillo de San Felipe in chiva\u00a0<\/a><\/span><\/li>\n<\/ul>\n<p><span style=\"color: #000000;\">After the tour in the old city, you will arrive at a disco where you can enjoy the Cartagena rumba. At the indicated time, return to the hotel, people who wish to stay at the disco can do so and the transfer back to the hotel would be on their own.<\/span><\/p>\n<p><span style=\"color: #000000;\"><strong>INCLUDES<\/strong><\/span><\/p>\n<ul>\n<li>\n<p data-path-to-node=\"10,0,0\"><b data-path-to-node=\"10,0,0\" data-index-in-node=\"0\">Transporte:<\/b> Recogida en hotel (Zonas: Bocagrande, Laguito y Castillogrande).<\/p>\n<\/li>\n<li>\n<p data-path-to-node=\"10,0,0\"><b data-path-to-node=\"10,1,0\" data-index-in-node=\"0\">Recorrido Panor\u00e1mico:<\/b> Visita a Bocagrande, Torre del Reloj, Camell\u00f3n de los M\u00e1rtires, Muelle de los Pegasos, Arsenal, Manga y Pie de la Popa.<\/p>\n<\/li>\n<li>\n<p data-path-to-node=\"10,2,0\"><b data-path-to-node=\"10,2,0\" data-index-in-node=\"0\">Entretenimiento:<\/b> Animador a bordo y m\u00fasica crossover durante todo el trayecto.<\/p>\n<\/li>\n<li>\n<p data-path-to-node=\"10,3,0\"><b data-path-to-node=\"10,3,0\" data-index-in-node=\"0\">Parada Especial:<\/b>\u00a0 Parada en los alrededores del Castillo de San Felipe.<\/p>\n<\/li>\n<li>\n<p data-path-to-node=\"10,4,0\"><b data-path-to-node=\"10,4,0\" data-index-in-node=\"0\">Beneficio Nocturno:<\/b> Cover de ingreso incluido a una discoteca en la ciudad antigua.<\/p>\n<\/li>\n<\/ul>\n<p><strong>NOT INCLUDE<\/strong><\/p>\n<ul>\n<li>Comidas ni bebidas no especificadas en el plan.<\/li>\n<li>Gastos personales o adicionales no mencionados.<\/li>\n<\/ul>\n<p data-path-to-node=\"13\"><strong>HORARIOS Y SALIDAS<\/strong><\/p>\n<p data-path-to-node=\"13\">De lunes a domingo<br \/>\nDos turnos disponibles: 7:00pm y 9:00pm<\/p>\n<p data-path-to-node=\"14,0,0\"><strong>PUNTO DE ENCUENTRO<\/strong><\/p>\n<ul>\n<li data-path-to-node=\"14,0,0\"><strong>CENTRO<\/strong>. Torre del reloj o Camellon de los M\u00e1rtires.<\/li>\n<li data-path-to-node=\"14,0,0\"><strong>BOCAGRANDE<\/strong>. Av San Martin (CC. plaza bocagrande cr1 #12, banco itau cr2#9, restaurante macdonals cr2#9&#8243;, restaurante starbucks *cr2#8, restaurante juan valdez cr2#7, casino rio cr2#5 )<\/li>\n<li data-path-to-node=\"14,0,0\"><strong>LAGUITO<\/strong>. Parque Franaga al frente del hotel Caribe by Faranda.<\/li>\n<\/ul>\n<p>&nbsp;<\/p>\n<p><span style=\"color: #000000;\"><strong>BOOK YOUR SPACE NOW !!<\/strong><\/span><\/p>","protected":false},"excerpt":{"rendered":"<p>Vive una noche inolvidable en Cartagena a bordo de la aut\u00e9ntica Chiva Rumbera. M\u00fasica, tradici\u00f3n y rumba en el veh\u00edculo m\u00e1s ic\u00f3nico.<\/p>","protected":false},"featured_media":52,"comment_status":"open","ping_status":"closed","template":"","meta":{"_joinchat":[]},"product_brand":[],"product_cat":[134,53],"product_tag":[160,463,462,432,242,465,464,466,418,345,461,406],"class_list":{"0":"post-51","1":"product","2":"type-product","3":"status-publish","4":"has-post-thumbnail","6":"product_cat-atardeceres-noches-cartagena","7":"product_cat-cartagena","8":"product_tag-amo-cartagena","9":"product_tag-bocagrande","10":"product_tag-castillo-de-san-felipe","11":"product_tag-centro-historico","12":"product_tag-chiva-rumbera","13":"product_tag-cultura-colombiana","14":"product_tag-discoteca-cartagena","15":"product_tag-diversion-sobre-ruedas","16":"product_tag-fiesta-en-cartagena","17":"product_tag-plan-amigos","18":"product_tag-rumba-tradicional","19":"product_tag-tour-nocturno","21":"first","22":"instock","23":"virtual","24":"purchasable","25":"product-type-simple"},"yoast_head":"<!-- This site is optimized with the Yoast SEO plugin v26.6 - https:\/\/yoast.com\/wordpress\/plugins\/seo\/ -->\n<title>Chiva Rumbera en Cartagena | Tour de Fiesta y Tradici\u00f3n<\/title>\n<meta name=\"description\" content=\"S\u00fabete a la Chiva Rumbera en Cartagena. Recorrido panor\u00e1mico con m\u00fasica, animador y entrada a discoteca incluida.\" \/>\n<meta name=\"robots\" content=\"index, follow, max-snippet:-1, max-image-preview:large, max-video-preview:-1\" \/>\n<link rel=\"canonical\" href=\"https:\/\/amocartagenatour.com\/en\/producto\/amocartagena-com-tours-chiva-rumbera-fiesta-cartagena\/\" \/>\n<meta property=\"og:locale\" content=\"en_US\" \/>\n<meta property=\"og:type\" content=\"article\" \/>\n<meta property=\"og:title\" content=\"Chiva Rumbera en Cartagena | Tour de Fiesta y Tradici\u00f3n\" \/>\n<meta property=\"og:description\" content=\"S\u00fabete a la Chiva Rumbera en Cartagena. Recorrido panor\u00e1mico con m\u00fasica, animador y entrada a discoteca incluida.\" \/>\n<meta property=\"og:url\" content=\"https:\/\/amocartagenatour.com\/en\/producto\/amocartagena-com-tours-chiva-rumbera-fiesta-cartagena\/\" \/>\n<meta property=\"og:site_name\" content=\"Amo Cartagena Tour Company\" \/>\n<meta property=\"article:modified_time\" content=\"2026-02-26T04:14:34+00:00\" \/>\n<meta property=\"og:image\" content=\"https:\/\/amocartagenatour.com\/wp-content\/uploads\/2021\/09\/chiva-rumbera-en-cartagena.jpeg\" \/>\n\t<meta property=\"og:image:width\" content=\"1080\" \/>\n\t<meta property=\"og:image:height\" content=\"720\" \/>\n\t<meta property=\"og:image:type\" content=\"image\/jpeg\" \/>\n<meta name=\"twitter:card\" content=\"summary_large_image\" \/>\n<meta name=\"twitter:label1\" content=\"Est. reading time\" \/>\n\t<meta name=\"twitter:data1\" content=\"2 minutes\" \/>\n<script type=\"application\/ld+json\" class=\"yoast-schema-graph\">{\"@context\":\"https:\/\/schema.org\",\"@graph\":[{\"@type\":\"WebPage\",\"@id\":\"https:\/\/amocartagenatour.com\/producto\/amocartagena-com-tours-chiva-rumbera-fiesta-cartagena\/\",\"url\":\"https:\/\/amocartagenatour.com\/producto\/amocartagena-com-tours-chiva-rumbera-fiesta-cartagena\/\",\"name\":\"Chiva Rumbera en Cartagena | Tour de Fiesta y Tradici\u00f3n\",\"isPartOf\":{\"@id\":\"https:\/\/amocartagenatour.com\/#website\"},\"primaryImageOfPage\":{\"@id\":\"https:\/\/amocartagenatour.com\/producto\/amocartagena-com-tours-chiva-rumbera-fiesta-cartagena\/#primaryimage\"},\"image\":{\"@id\":\"https:\/\/amocartagenatour.com\/producto\/amocartagena-com-tours-chiva-rumbera-fiesta-cartagena\/#primaryimage\"},\"thumbnailUrl\":\"https:\/\/amocartagenatour.com\/wp-content\/uploads\/2021\/09\/chiva-rumbera-en-cartagena.jpeg\",\"datePublished\":\"2021-09-20T23:03:11+00:00\",\"dateModified\":\"2026-02-26T04:14:34+00:00\",\"description\":\"S\u00fabete a la Chiva Rumbera en Cartagena. Recorrido panor\u00e1mico con m\u00fasica, animador y entrada a discoteca incluida.\",\"breadcrumb\":{\"@id\":\"https:\/\/amocartagenatour.com\/producto\/amocartagena-com-tours-chiva-rumbera-fiesta-cartagena\/#breadcrumb\"},\"inLanguage\":\"en-US\",\"potentialAction\":[{\"@type\":\"ReadAction\",\"target\":[\"https:\/\/amocartagenatour.com\/producto\/amocartagena-com-tours-chiva-rumbera-fiesta-cartagena\/\"]}]},{\"@type\":\"ImageObject\",\"inLanguage\":\"en-US\",\"@id\":\"https:\/\/amocartagenatour.com\/producto\/amocartagena-com-tours-chiva-rumbera-fiesta-cartagena\/#primaryimage\",\"url\":\"https:\/\/amocartagenatour.com\/wp-content\/uploads\/2021\/09\/chiva-rumbera-en-cartagena.jpeg\",\"contentUrl\":\"https:\/\/amocartagenatour.com\/wp-content\/uploads\/2021\/09\/chiva-rumbera-en-cartagena.jpeg\",\"width\":1080,\"height\":720,\"caption\":\"chiva rumbera en Cartagena\"},{\"@type\":\"BreadcrumbList\",\"@id\":\"https:\/\/amocartagenatour.com\/producto\/amocartagena-com-tours-chiva-rumbera-fiesta-cartagena\/#breadcrumb\",\"itemListElement\":[{\"@type\":\"ListItem\",\"position\":1,\"name\":\"Home\",\"item\":\"https:\/\/amocartagenatour.com\/\"},{\"@type\":\"ListItem\",\"position\":2,\"name\":\"Tienda\",\"item\":\"https:\/\/amocartagenatour.com\/tienda\/\"},{\"@type\":\"ListItem\",\"position\":3,\"name\":\"Chiva Rumbera\"}]},{\"@type\":\"WebSite\",\"@id\":\"https:\/\/amocartagenatour.com\/#website\",\"url\":\"https:\/\/amocartagenatour.com\/\",\"name\":\"Amo Cartagena Tour Company\",\"description\":\"Tours\ud83d\udccd Alquiler de Embarcaciones\ud83d\udea4 Pasad\u00edas\ud83c\udfdd\ufe0f Y M\u00e1s\u2728\",\"potentialAction\":[{\"@type\":\"SearchAction\",\"target\":{\"@type\":\"EntryPoint\",\"urlTemplate\":\"https:\/\/amocartagenatour.com\/?s={search_term_string}\"},\"query-input\":{\"@type\":\"PropertyValueSpecification\",\"valueRequired\":true,\"valueName\":\"search_term_string\"}}],\"inLanguage\":\"en-US\"}]}<\/script>\n<!-- \/ Yoast SEO plugin. -->","yoast_head_json":{"title":"Chiva Rumbera en Cartagena | Tour de Fiesta y Tradici\u00f3n","description":"S\u00fabete a la Chiva Rumbera en Cartagena. Recorrido panor\u00e1mico con m\u00fasica, animador y entrada a discoteca incluida.","robots":{"index":"index","follow":"follow","max-snippet":"max-snippet:-1","max-image-preview":"max-image-preview:large","max-video-preview":"max-video-preview:-1"},"canonical":"https:\/\/amocartagenatour.com\/en\/producto\/amocartagena-com-tours-chiva-rumbera-fiesta-cartagena\/","og_locale":"en_US","og_type":"article","og_title":"Chiva Rumbera en Cartagena | Tour de Fiesta y Tradici\u00f3n","og_description":"S\u00fabete a la Chiva Rumbera en Cartagena. Recorrido panor\u00e1mico con m\u00fasica, animador y entrada a discoteca incluida.","og_url":"https:\/\/amocartagenatour.com\/en\/producto\/amocartagena-com-tours-chiva-rumbera-fiesta-cartagena\/","og_site_name":"Amo Cartagena Tour Company","article_modified_time":"2026-02-26T04:14:34+00:00","og_image":[{"width":1080,"height":720,"url":"https:\/\/amocartagenatour.com\/wp-content\/uploads\/2021\/09\/chiva-rumbera-en-cartagena.jpeg","type":"image\/jpeg"}],"twitter_card":"summary_large_image","twitter_misc":{"Est. reading time":"2 minutes"},"schema":{"@context":"https:\/\/schema.org","@graph":[{"@type":"WebPage","@id":"https:\/\/amocartagenatour.com\/producto\/amocartagena-com-tours-chiva-rumbera-fiesta-cartagena\/","url":"https:\/\/amocartagenatour.com\/producto\/amocartagena-com-tours-chiva-rumbera-fiesta-cartagena\/","name":"Chiva Rumbera en Cartagena | Tour de Fiesta y Tradici\u00f3n","isPartOf":{"@id":"https:\/\/amocartagenatour.com\/#website"},"primaryImageOfPage":{"@id":"https:\/\/amocartagenatour.com\/producto\/amocartagena-com-tours-chiva-rumbera-fiesta-cartagena\/#primaryimage"},"image":{"@id":"https:\/\/amocartagenatour.com\/producto\/amocartagena-com-tours-chiva-rumbera-fiesta-cartagena\/#primaryimage"},"thumbnailUrl":"https:\/\/amocartagenatour.com\/wp-content\/uploads\/2021\/09\/chiva-rumbera-en-cartagena.jpeg","datePublished":"2021-09-20T23:03:11+00:00","dateModified":"2026-02-26T04:14:34+00:00","description":"S\u00fabete a la Chiva Rumbera en Cartagena. Recorrido panor\u00e1mico con m\u00fasica, animador y entrada a discoteca incluida.","breadcrumb":{"@id":"https:\/\/amocartagenatour.com\/producto\/amocartagena-com-tours-chiva-rumbera-fiesta-cartagena\/#breadcrumb"},"inLanguage":"en-US","potentialAction":[{"@type":"ReadAction","target":["https:\/\/amocartagenatour.com\/producto\/amocartagena-com-tours-chiva-rumbera-fiesta-cartagena\/"]}]},{"@type":"ImageObject","inLanguage":"en-US","@id":"https:\/\/amocartagenatour.com\/producto\/amocartagena-com-tours-chiva-rumbera-fiesta-cartagena\/#primaryimage","url":"https:\/\/amocartagenatour.com\/wp-content\/uploads\/2021\/09\/chiva-rumbera-en-cartagena.jpeg","contentUrl":"https:\/\/amocartagenatour.com\/wp-content\/uploads\/2021\/09\/chiva-rumbera-en-cartagena.jpeg","width":1080,"height":720,"caption":"chiva rumbera en Cartagena"},{"@type":"BreadcrumbList","@id":"https:\/\/amocartagenatour.com\/producto\/amocartagena-com-tours-chiva-rumbera-fiesta-cartagena\/#breadcrumb","itemListElement":[{"@type":"ListItem","position":1,"name":"Home","item":"https:\/\/amocartagenatour.com\/"},{"@type":"ListItem","position":2,"name":"Tienda","item":"https:\/\/amocartagenatour.com\/tienda\/"},{"@type":"ListItem","position":3,"name":"Chiva Rumbera"}]},{"@type":"WebSite","@id":"https:\/\/amocartagenatour.com\/#website","url":"https:\/\/amocartagenatour.com\/","name":"Amo Cartagena Tour Company","description":"Tours\ud83d\udccd Alquiler de Embarcaciones\ud83d\udea4 Pasad\u00edas\ud83c\udfdd\ufe0f Y M\u00e1s\u2728","potentialAction":[{"@type":"SearchAction","target":{"@type":"EntryPoint","urlTemplate":"https:\/\/amocartagenatour.com\/?s={search_term_string}"},"query-input":{"@type":"PropertyValueSpecification","valueRequired":true,"valueName":"search_term_string"}}],"inLanguage":"en-US"}]}},"_links":{"self":[{"href":"https:\/\/amocartagenatour.com\/en\/wp-json\/wp\/v2\/product\/51","targetHints":{"allow":["GET"]}}],"collection":[{"href":"https:\/\/amocartagenatour.com\/en\/wp-json\/wp\/v2\/product"}],"about":[{"href":"https:\/\/amocartagenatour.com\/en\/wp-json\/wp\/v2\/types\/product"}],"replies":[{"embeddable":true,"href":"https:\/\/amocartagenatour.com\/en\/wp-json\/wp\/v2\/comments?post=51"}],"version-history":[{"count":0,"href":"https:\/\/amocartagenatour.com\/en\/wp-json\/wp\/v2\/product\/51\/revisions"}],"wp:featuredmedia":[{"embeddable":true,"href":"https:\/\/amocartagenatour.com\/en\/wp-json\/wp\/v2\/media\/52"}],"wp:attachment":[{"href":"https:\/\/amocartagenatour.com\/en\/wp-json\/wp\/v2\/media?parent=51"}],"wp:term":[{"taxonomy":"product_brand","embeddable":true,"href":"https:\/\/amocartagenatour.com\/en\/wp-json\/wp\/v2\/product_brand?post=51"},{"taxonomy":"product_cat","embeddable":true,"href":"https:\/\/amocartagenatour.com\/en\/wp-json\/wp\/v2\/product_cat?post=51"},{"taxonomy":"product_tag","embeddable":true,"href":"https:\/\/amocartagenatour.com\/en\/wp-json\/wp\/v2\/product_tag?post=51"}],"curies":[{"name":"wp","href":"https:\/\/api.w.org\/{rel}","templated":true}]}}