{"id":745,"date":"2021-12-06T22:17:23","date_gmt":"2021-12-07T03:17:23","guid":{"rendered":"https:\/\/amocartagenatour.com\/?post_type=product&#038;p=745"},"modified":"2023-12-20T00:24:49","modified_gmt":"2023-12-20T05:24:49","slug":"cena-navidena","status":"publish","type":"product","link":"https:\/\/amocartagenatour.com\/en\/producto\/cena-navidena\/","title":{"rendered":"Christmas dinner"},"content":{"rendered":"<p><span style=\"color: #000000;\"><strong>Christmas dinner<\/strong> en el Barco Bequia disfrutar\u00e1s de una deliciosa <strong>cena de navidad en la bah\u00eda de Cartagena<\/strong>. Cuando anochece y la ciudad se viste de luces se crea el entorno ideal para una Cena inolvidable al lado de tus seres queridos.<\/span><\/p>\n<p><span style=\"color: #000000;\">We will leave from the\u00a0<strong>Bodeguita pier<\/strong>, next to the historic center of Cartagena.<\/span><\/p>\n<p><span style=\"color: #000000;\">Durante las Tres horas de duraci\u00f3n de <strong>Christmas dinner<\/strong> disfrutaremos a bordo del barco Bequia del paisaje de la <strong>Cartagena bay<\/strong>. Accompanied by the best music, you will taste a\u00a0<strong>Buffet dinner<\/strong><\/span><\/p>\n<p><span style=\"color: #000000;\">The <strong>Christmas dinner<\/strong> es, sin duda, uno de los momentos m\u00e1s esperados por las familias de todo el mundo que festejan esta fecha cada 24 de diciembre, ya que es el momento de consumir deliciosos bocadillos, obsequiarse regalos y, sobre todo, abrazar a las personas que m\u00e1s quieren y estar con ellas.<\/span><\/p>\n<ul>\n<li><span style=\"color: #339966;\"><a style=\"color: #339966;\" href=\"https:\/\/amocartagenatour.com\/en\/producto\/cena-noche-blanca\/\">Cena por la bah\u00eda de Cartagena en barco\u00a0<\/a><\/span><\/li>\n<\/ul>\n<p><span style=\"color: #000000;\">The <strong>Christmas dinner<\/strong>, en un nuevo inicio a muchas ideas, prop\u00f3sitos, metas y proyectos a realizar. Este momento de toma de decisiones en armon\u00eda con la familia, tomando consejos y apoyos, son las decisiones a tomar de todos los participantes de la cena y que mejor momento para vivir una nueva experiencia en nuestra embarcaci\u00f3n<\/span><\/p>\n<p><span style=\"color: #000000;\"><strong>INCLUDES<\/strong><\/span><\/p>\n<ul>\n<li><span style=\"color: #000000;\">Welcome cocktail<\/span><\/li>\n<li><span style=\"color: #000000;\">Recorrido de 3horas por la bah\u00eda de Cartagena<\/span><\/li>\n<li><span style=\"color: #000000;\">Bu\u00f1uelos y natilla<\/span><\/li>\n<li><span style=\"color: #000000;\">Dj y animador en vivo<\/span><\/li>\n<li><span style=\"color: #000000;\">Ballet de baile (2 shows principales)<\/span><\/li>\n<li><span style=\"color: #000000;\">Concursos<\/span><\/li>\n<li><span style=\"color: #000000;\">Brindis con champa\u00f1a<\/span><\/li>\n<li><span style=\"color: #000000;\">Barra libre en licores nacionales (Ron, Aguardiente y Vodka, no cerveza) y bebidas (gaseosas en vaso y agua purificada de dispensador)<\/span><\/li>\n<li><span style=\"color: #000000;\">Cena Tipo buffet men\u00fa navide\u00f1o<\/span><\/li>\n<\/ul>\n<p><span style=\"color: #000000;\"><strong>Citaci\u00f3n: <\/strong>muelle la bodeguita a partir de las 9:00 pm<\/span><\/p>\n<p><span style=\"color: #000000;\"><strong>Zarpe: <\/strong>10:00 pm a 1:00 am<\/span><\/p>\n<h6 style=\"text-align: center;\"><span style=\"color: #339966;\"><strong>Vive esta fecha especial abordo del barco Bequia Eagle<\/strong><\/span><\/h6>","protected":false},"excerpt":{"rendered":"<p><span style=\"color: #000000;\">Para reservas con pago completo<\/span><\/p>\n<p><span style=\"color: #000000;\"><span style=\"color: #339966;\"><strong>Pre-venta<\/strong><\/span> $250.000 compras hasta el 20 de diciembre (mesas compartidas)<\/span><\/p>\n<p><span style=\"color: #000000;\"><strong><span style=\"color: #339966;\">Venta<\/span> <\/strong>$ 280.000 compras a partir del 21 de diciembre (mesas compartidas)<\/span><\/p>","protected":false},"featured_media":2089,"comment_status":"open","ping_status":"closed","template":"","meta":{"_joinchat":[]},"product_brand":[],"product_cat":[43],"product_tag":[],"class_list":{"0":"post-745","1":"product","2":"type-product","3":"status-publish","4":"has-post-thumbnail","6":"product_cat-eventos","8":"first","9":"outofstock","10":"virtual","11":"purchasable","12":"product-type-simple"},"yoast_head":"<!-- This site is optimized with the Yoast SEO plugin v26.6 - https:\/\/yoast.com\/wordpress\/plugins\/seo\/ -->\n<title>Cena Navide\u00f1a | Vive esta fecha especial abordo del Barco Bequia Eagle<\/title>\n<meta name=\"description\" content=\"Cena Navide\u00f1a en el Barco Bequia, disfrutar\u00e1s de una deliciosa Cena Navide\u00f1a en la bah\u00eda de Cartagena.Vive esta fecha especial abordo del Barco Bequia Eagle\" \/>\n<meta name=\"robots\" content=\"index, follow, max-snippet:-1, max-image-preview:large, max-video-preview:-1\" \/>\n<link rel=\"canonical\" href=\"https:\/\/amocartagenatour.com\/en\/producto\/cena-navidena\/\" \/>\n<meta property=\"og:locale\" content=\"en_US\" \/>\n<meta property=\"og:type\" content=\"article\" \/>\n<meta property=\"og:title\" content=\"Cena Navide\u00f1a | Vive esta fecha especial abordo del Barco Bequia Eagle\" \/>\n<meta property=\"og:description\" content=\"Cena Navide\u00f1a en el Barco Bequia, disfrutar\u00e1s de una deliciosa Cena Navide\u00f1a en la bah\u00eda de Cartagena.Vive esta fecha especial abordo del Barco Bequia Eagle\" \/>\n<meta property=\"og:url\" content=\"https:\/\/amocartagenatour.com\/en\/producto\/cena-navidena\/\" \/>\n<meta property=\"og:site_name\" content=\"Amo Cartagena Tour Company\" \/>\n<meta property=\"article:modified_time\" content=\"2023-12-20T05:24:49+00:00\" \/>\n<meta property=\"og:image\" content=\"https:\/\/amocartagenatour.com\/wp-content\/uploads\/2021\/12\/Cena-de-navidad-2023.jpg\" \/>\n\t<meta property=\"og:image:width\" content=\"1080\" \/>\n\t<meta property=\"og:image:height\" content=\"1080\" \/>\n\t<meta property=\"og:image:type\" content=\"image\/jpeg\" \/>\n<meta name=\"twitter:card\" content=\"summary_large_image\" \/>\n<meta name=\"twitter:label1\" content=\"Est. reading time\" \/>\n\t<meta name=\"twitter:data1\" content=\"2 minutes\" \/>\n<script type=\"application\/ld+json\" class=\"yoast-schema-graph\">{\"@context\":\"https:\/\/schema.org\",\"@graph\":[{\"@type\":\"WebPage\",\"@id\":\"https:\/\/amocartagenatour.com\/producto\/cena-navidena\/\",\"url\":\"https:\/\/amocartagenatour.com\/producto\/cena-navidena\/\",\"name\":\"Cena Navide\u00f1a | Vive esta fecha especial abordo del Barco Bequia Eagle\",\"isPartOf\":{\"@id\":\"https:\/\/amocartagenatour.com\/#website\"},\"primaryImageOfPage\":{\"@id\":\"https:\/\/amocartagenatour.com\/producto\/cena-navidena\/#primaryimage\"},\"image\":{\"@id\":\"https:\/\/amocartagenatour.com\/producto\/cena-navidena\/#primaryimage\"},\"thumbnailUrl\":\"https:\/\/amocartagenatour.com\/wp-content\/uploads\/2021\/12\/Cena-de-navidad-2023.jpg\",\"datePublished\":\"2021-12-07T03:17:23+00:00\",\"dateModified\":\"2023-12-20T05:24:49+00:00\",\"description\":\"Cena Navide\u00f1a en el Barco Bequia, disfrutar\u00e1s de una deliciosa Cena Navide\u00f1a en la bah\u00eda de Cartagena.Vive esta fecha especial abordo del Barco Bequia Eagle\",\"breadcrumb\":{\"@id\":\"https:\/\/amocartagenatour.com\/producto\/cena-navidena\/#breadcrumb\"},\"inLanguage\":\"en-US\",\"potentialAction\":[{\"@type\":\"ReadAction\",\"target\":[\"https:\/\/amocartagenatour.com\/producto\/cena-navidena\/\"]}]},{\"@type\":\"ImageObject\",\"inLanguage\":\"en-US\",\"@id\":\"https:\/\/amocartagenatour.com\/producto\/cena-navidena\/#primaryimage\",\"url\":\"https:\/\/amocartagenatour.com\/wp-content\/uploads\/2021\/12\/Cena-de-navidad-2023.jpg\",\"contentUrl\":\"https:\/\/amocartagenatour.com\/wp-content\/uploads\/2021\/12\/Cena-de-navidad-2023.jpg\",\"width\":1080,\"height\":1080,\"caption\":\"Cena de navidad 2023\"},{\"@type\":\"BreadcrumbList\",\"@id\":\"https:\/\/amocartagenatour.com\/producto\/cena-navidena\/#breadcrumb\",\"itemListElement\":[{\"@type\":\"ListItem\",\"position\":1,\"name\":\"Home\",\"item\":\"https:\/\/amocartagenatour.com\/\"},{\"@type\":\"ListItem\",\"position\":2,\"name\":\"Tienda\",\"item\":\"https:\/\/amocartagenatour.com\/tienda\/\"},{\"@type\":\"ListItem\",\"position\":3,\"name\":\"Cena Navide\u00f1a\"}]},{\"@type\":\"WebSite\",\"@id\":\"https:\/\/amocartagenatour.com\/#website\",\"url\":\"https:\/\/amocartagenatour.com\/\",\"name\":\"Amo Cartagena Tour Company\",\"description\":\"Tours\ud83d\udccd Alquiler de Embarcaciones\ud83d\udea4 Pasad\u00edas\ud83c\udfdd\ufe0f Y M\u00e1s\u2728\",\"potentialAction\":[{\"@type\":\"SearchAction\",\"target\":{\"@type\":\"EntryPoint\",\"urlTemplate\":\"https:\/\/amocartagenatour.com\/?s={search_term_string}\"},\"query-input\":{\"@type\":\"PropertyValueSpecification\",\"valueRequired\":true,\"valueName\":\"search_term_string\"}}],\"inLanguage\":\"en-US\"}]}<\/script>\n<!-- \/ Yoast SEO plugin. -->","yoast_head_json":{"title":"Cena Navide\u00f1a | Vive esta fecha especial abordo del Barco Bequia Eagle","description":"Cena Navide\u00f1a en el Barco Bequia, disfrutar\u00e1s de una deliciosa Cena Navide\u00f1a en la bah\u00eda de Cartagena.Vive esta fecha especial abordo del Barco Bequia Eagle","robots":{"index":"index","follow":"follow","max-snippet":"max-snippet:-1","max-image-preview":"max-image-preview:large","max-video-preview":"max-video-preview:-1"},"canonical":"https:\/\/amocartagenatour.com\/en\/producto\/cena-navidena\/","og_locale":"en_US","og_type":"article","og_title":"Cena Navide\u00f1a | Vive esta fecha especial abordo del Barco Bequia Eagle","og_description":"Cena Navide\u00f1a en el Barco Bequia, disfrutar\u00e1s de una deliciosa Cena Navide\u00f1a en la bah\u00eda de Cartagena.Vive esta fecha especial abordo del Barco Bequia Eagle","og_url":"https:\/\/amocartagenatour.com\/en\/producto\/cena-navidena\/","og_site_name":"Amo Cartagena Tour Company","article_modified_time":"2023-12-20T05:24:49+00:00","og_image":[{"width":1080,"height":1080,"url":"https:\/\/amocartagenatour.com\/wp-content\/uploads\/2021\/12\/Cena-de-navidad-2023.jpg","type":"image\/jpeg"}],"twitter_card":"summary_large_image","twitter_misc":{"Est. reading time":"2 minutes"},"schema":{"@context":"https:\/\/schema.org","@graph":[{"@type":"WebPage","@id":"https:\/\/amocartagenatour.com\/producto\/cena-navidena\/","url":"https:\/\/amocartagenatour.com\/producto\/cena-navidena\/","name":"Cena Navide\u00f1a | Vive esta fecha especial abordo del Barco Bequia Eagle","isPartOf":{"@id":"https:\/\/amocartagenatour.com\/#website"},"primaryImageOfPage":{"@id":"https:\/\/amocartagenatour.com\/producto\/cena-navidena\/#primaryimage"},"image":{"@id":"https:\/\/amocartagenatour.com\/producto\/cena-navidena\/#primaryimage"},"thumbnailUrl":"https:\/\/amocartagenatour.com\/wp-content\/uploads\/2021\/12\/Cena-de-navidad-2023.jpg","datePublished":"2021-12-07T03:17:23+00:00","dateModified":"2023-12-20T05:24:49+00:00","description":"Cena Navide\u00f1a en el Barco Bequia, disfrutar\u00e1s de una deliciosa Cena Navide\u00f1a en la bah\u00eda de Cartagena.Vive esta fecha especial abordo del Barco Bequia Eagle","breadcrumb":{"@id":"https:\/\/amocartagenatour.com\/producto\/cena-navidena\/#breadcrumb"},"inLanguage":"en-US","potentialAction":[{"@type":"ReadAction","target":["https:\/\/amocartagenatour.com\/producto\/cena-navidena\/"]}]},{"@type":"ImageObject","inLanguage":"en-US","@id":"https:\/\/amocartagenatour.com\/producto\/cena-navidena\/#primaryimage","url":"https:\/\/amocartagenatour.com\/wp-content\/uploads\/2021\/12\/Cena-de-navidad-2023.jpg","contentUrl":"https:\/\/amocartagenatour.com\/wp-content\/uploads\/2021\/12\/Cena-de-navidad-2023.jpg","width":1080,"height":1080,"caption":"Cena de navidad 2023"},{"@type":"BreadcrumbList","@id":"https:\/\/amocartagenatour.com\/producto\/cena-navidena\/#breadcrumb","itemListElement":[{"@type":"ListItem","position":1,"name":"Home","item":"https:\/\/amocartagenatour.com\/"},{"@type":"ListItem","position":2,"name":"Tienda","item":"https:\/\/amocartagenatour.com\/tienda\/"},{"@type":"ListItem","position":3,"name":"Cena Navide\u00f1a"}]},{"@type":"WebSite","@id":"https:\/\/amocartagenatour.com\/#website","url":"https:\/\/amocartagenatour.com\/","name":"Amo Cartagena Tour Company","description":"Tours\ud83d\udccd Alquiler de Embarcaciones\ud83d\udea4 Pasad\u00edas\ud83c\udfdd\ufe0f Y M\u00e1s\u2728","potentialAction":[{"@type":"SearchAction","target":{"@type":"EntryPoint","urlTemplate":"https:\/\/amocartagenatour.com\/?s={search_term_string}"},"query-input":{"@type":"PropertyValueSpecification","valueRequired":true,"valueName":"search_term_string"}}],"inLanguage":"en-US"}]}},"_links":{"self":[{"href":"https:\/\/amocartagenatour.com\/en\/wp-json\/wp\/v2\/product\/745","targetHints":{"allow":["GET"]}}],"collection":[{"href":"https:\/\/amocartagenatour.com\/en\/wp-json\/wp\/v2\/product"}],"about":[{"href":"https:\/\/amocartagenatour.com\/en\/wp-json\/wp\/v2\/types\/product"}],"replies":[{"embeddable":true,"href":"https:\/\/amocartagenatour.com\/en\/wp-json\/wp\/v2\/comments?post=745"}],"version-history":[{"count":0,"href":"https:\/\/amocartagenatour.com\/en\/wp-json\/wp\/v2\/product\/745\/revisions"}],"wp:featuredmedia":[{"embeddable":true,"href":"https:\/\/amocartagenatour.com\/en\/wp-json\/wp\/v2\/media\/2089"}],"wp:attachment":[{"href":"https:\/\/amocartagenatour.com\/en\/wp-json\/wp\/v2\/media?parent=745"}],"wp:term":[{"taxonomy":"product_brand","embeddable":true,"href":"https:\/\/amocartagenatour.com\/en\/wp-json\/wp\/v2\/product_brand?post=745"},{"taxonomy":"product_cat","embeddable":true,"href":"https:\/\/amocartagenatour.com\/en\/wp-json\/wp\/v2\/product_cat?post=745"},{"taxonomy":"product_tag","embeddable":true,"href":"https:\/\/amocartagenatour.com\/en\/wp-json\/wp\/v2\/product_tag?post=745"}],"curies":[{"name":"wp","href":"https:\/\/api.w.org\/{rel}","templated":true}]}}