{"id":78,"date":"2021-09-20T22:22:33","date_gmt":"2021-09-21T03:22:33","guid":{"rendered":"https:\/\/amocartagenatour.com\/?post_type=product&#038;p=78"},"modified":"2026-02-25T21:45:05","modified_gmt":"2026-02-26T02:45:05","slug":"amocartagena-com-tours-bahia-noche-lancha-deportiva-cartagena","status":"publish","type":"product","link":"https:\/\/amocartagenatour.com\/en\/producto\/amocartagena-com-tours-bahia-noche-lancha-deportiva-cartagena\/","title":{"rendered":"Night Tour in Sports Boat"},"content":{"rendered":"<p><iframe title=\"Tour nocturno por la bahia de cartagena\" width=\"900\" height=\"506\" src=\"https:\/\/www.youtube.com\/embed\/FTKoi8QVAZA?start=2&#038;feature=oembed\" frameborder=\"0\" allow=\"accelerometer; autoplay; clipboard-write; encrypted-media; gyroscope; picture-in-picture; web-share\" referrerpolicy=\"strict-origin-when-cross-origin\" allowfullscreen><\/iframe><\/p>\n<p>Descubre la magia nocturna de Cartagena a bordo del Tour Bah\u00eda Noche, una experiencia \u00fanica que te permite navegar por la bah\u00eda mientras disfrutas de las luces, el skyline y el ambiente vibrante de la ciudad. A bordo de lanchas deportivas, vivir\u00e1s un recorrido relajado y festivo que combina m\u00fasica, buena compa\u00f1\u00eda y vistas inolvidables del Caribe colombiano. Es la oportunidad perfecta para admirar la ciudad desde el mar, donde la arquitectura hist\u00f3rica y moderna se fusionan bajo el brillo de la noche.<\/p>\n<p>Durante dos horas de navegaci\u00f3n, este tour te invita a desconectarte y dejarte llevar por la energ\u00eda nocturna de Cartagena. Con barra libre, m\u00fasica crossover y un ambiente ideal para parejas, amigos o celebraciones especiales, el Tour Bah\u00eda Noche es una de las mejores formas de vivir la ciudad despu\u00e9s del atardecer. Cada trayecto est\u00e1 dise\u00f1ado para ofrecer diversi\u00f3n y comodidad, asegurando que cada visitante se lleve un recuerdo memorable de la hospitalidad y el sabor cartagenero.<\/p>\n<p><strong>INCLUDES<\/strong><\/p>\n<ul>\n<li>Navegaci\u00f3n: Paseo de 2 horas por la bah\u00eda de Cartagena en lancha deportiva.<\/li>\n<li>Barra Libre: Consumo ilimitado de ron con Coca-Cola y aguardiente con jugo de naranja.<\/li>\n<li>Entretenimiento: M\u00fasica crossover a bordo durante toda la excursi\u00f3n.<\/li>\n<li>Servicios: Acceso a ba\u00f1os durante el recorrido para mayor comodidad.<\/li>\n<\/ul>\n<p><strong>NOT INCLUDE<\/strong><\/p>\n<ul>\n<li>Transporte terrestre desde el hotel hasta el muelle (ni retorno).<\/li>\n<li>Bebidas de marcas premium o alimentos no mencionados en el plan.<\/li>\n<li>Gastos personales o propinas.<\/li>\n<\/ul>\n<p><strong>HORARIOS Y SALIDA<\/strong><br \/>\nDe Lunes a Domingo<\/p>\n<p data-path-to-node=\"14,1,0\"><b data-path-to-node=\"14,1,0\" data-index-in-node=\"0\">Turnos disponibles:<\/b><\/p>\n<ul data-path-to-node=\"14,1,1\">\n<li>05:00 p.m. a 07:00 p.m.<\/li>\n<li>\n<p data-path-to-node=\"14,1,1,0,0\">07:00 p.m. a 09:00 p.m.<\/p>\n<\/li>\n<li>\n<p data-path-to-node=\"14,1,1,1,0\">09:00 p.m. a 11:00 p.m.<\/p>\n<\/li>\n<\/ul>\n<p><strong>PUNTO DE ENCUENTRO<\/strong><br \/>\nMuelle de Los Pegasos. Muelle de madera.<\/p>\n<p>&nbsp;<\/p>\n<p><strong>BOOK YOUR SPACE NOW !!<\/strong><\/p>","protected":false},"excerpt":{"rendered":"<p>Navega por la bah\u00eda de Cartagena en una lancha deportiva y descubre el skyline iluminado. Disfruta de barra libre, m\u00fasica crossover y el mejor ambiente nocturno.<\/p>","protected":false},"featured_media":2896,"comment_status":"open","ping_status":"closed","template":"","meta":{"_joinchat":[]},"product_brand":[],"product_cat":[134],"product_tag":[160,403,424,243,418,174,407,307,427,428,426,425],"class_list":{"0":"post-78","1":"product","2":"type-product","3":"status-publish","4":"has-post-thumbnail","6":"product_cat-atardeceres-noches-cartagena","7":"product_tag-amo-cartagena","8":"product_tag-bahia-noche","9":"product_tag-barra-libre","10":"product_tag-cartagena-de-noche","11":"product_tag-fiesta-en-cartagena","12":"product_tag-lancha-deportiva","13":"product_tag-muelle-de-los-pegasos","14":"product_tag-plan-amigos-cartagena","15":"product_tag-rumba-en-el-mar","16":"product_tag-salida-nocturna","17":"product_tag-skyline-nocturno","18":"product_tag-tour-economico","20":"first","21":"instock","22":"virtual","23":"purchasable","24":"product-type-simple"},"yoast_head":"<!-- This site is optimized with the Yoast SEO plugin v26.6 - https:\/\/yoast.com\/wordpress\/plugins\/seo\/ -->\n<title>Tour Bah\u00eda Cartagena | Barra Libre y Lancha Deportiva<\/title>\n<meta name=\"description\" content=\"Vive la noche en Cartagena con el Tour Bah\u00eda Noche. 2 horas de navegaci\u00f3n, barra libre de ron y aguardiente, y m\u00fasica crossover. \u00a1Reserva tu fiesta hoy!\" \/>\n<meta name=\"robots\" content=\"index, follow, max-snippet:-1, max-image-preview:large, max-video-preview:-1\" \/>\n<link rel=\"canonical\" href=\"https:\/\/amocartagenatour.com\/en\/producto\/amocartagena-com-tours-bahia-noche-lancha-deportiva-cartagena\/\" \/>\n<meta property=\"og:locale\" content=\"en_US\" \/>\n<meta property=\"og:type\" content=\"article\" \/>\n<meta property=\"og:title\" content=\"Tour Bah\u00eda Cartagena | Barra Libre y Lancha Deportiva\" \/>\n<meta property=\"og:description\" content=\"Vive la noche en Cartagena con el Tour Bah\u00eda Noche. 2 horas de navegaci\u00f3n, barra libre de ron y aguardiente, y m\u00fasica crossover. \u00a1Reserva tu fiesta hoy!\" \/>\n<meta property=\"og:url\" content=\"https:\/\/amocartagenatour.com\/en\/producto\/amocartagena-com-tours-bahia-noche-lancha-deportiva-cartagena\/\" \/>\n<meta property=\"og:site_name\" content=\"Amo Cartagena Tour Company\" \/>\n<meta property=\"article:modified_time\" content=\"2026-02-26T02:45:05+00:00\" \/>\n<meta name=\"twitter:card\" content=\"summary_large_image\" \/>\n<meta name=\"twitter:label1\" content=\"Est. reading time\" \/>\n\t<meta name=\"twitter:data1\" content=\"2 minutes\" \/>\n<script type=\"application\/ld+json\" class=\"yoast-schema-graph\">{\"@context\":\"https:\/\/schema.org\",\"@graph\":[{\"@type\":\"WebPage\",\"@id\":\"https:\/\/amocartagenatour.com\/producto\/amocartagena-com-tours-bahia-noche-lancha-deportiva-cartagena\/\",\"url\":\"https:\/\/amocartagenatour.com\/producto\/amocartagena-com-tours-bahia-noche-lancha-deportiva-cartagena\/\",\"name\":\"Tour Bah\u00eda Cartagena | Barra Libre y Lancha Deportiva\",\"isPartOf\":{\"@id\":\"https:\/\/amocartagenatour.com\/#website\"},\"primaryImageOfPage\":{\"@id\":\"https:\/\/amocartagenatour.com\/producto\/amocartagena-com-tours-bahia-noche-lancha-deportiva-cartagena\/#primaryimage\"},\"image\":{\"@id\":\"https:\/\/amocartagenatour.com\/producto\/amocartagena-com-tours-bahia-noche-lancha-deportiva-cartagena\/#primaryimage\"},\"thumbnailUrl\":\"https:\/\/amocartagenatour.com\/wp-content\/uploads\/2021\/09\/Viajar-a-Colombia-Viajar-a-San-Andres-Fiesta-Tour-Bahia-Rumbero-con-Aventureros-360-1.svg\",\"datePublished\":\"2021-09-21T03:22:33+00:00\",\"dateModified\":\"2026-02-26T02:45:05+00:00\",\"description\":\"Vive la noche en Cartagena con el Tour Bah\u00eda Noche. 2 horas de navegaci\u00f3n, barra libre de ron y aguardiente, y m\u00fasica crossover. \u00a1Reserva tu fiesta hoy!\",\"breadcrumb\":{\"@id\":\"https:\/\/amocartagenatour.com\/producto\/amocartagena-com-tours-bahia-noche-lancha-deportiva-cartagena\/#breadcrumb\"},\"inLanguage\":\"en-US\",\"potentialAction\":[{\"@type\":\"ReadAction\",\"target\":[\"https:\/\/amocartagenatour.com\/producto\/amocartagena-com-tours-bahia-noche-lancha-deportiva-cartagena\/\"]}]},{\"@type\":\"ImageObject\",\"inLanguage\":\"en-US\",\"@id\":\"https:\/\/amocartagenatour.com\/producto\/amocartagena-com-tours-bahia-noche-lancha-deportiva-cartagena\/#primaryimage\",\"url\":\"https:\/\/amocartagenatour.com\/wp-content\/uploads\/2021\/09\/Viajar-a-Colombia-Viajar-a-San-Andres-Fiesta-Tour-Bahia-Rumbero-con-Aventureros-360-1.svg\",\"contentUrl\":\"https:\/\/amocartagenatour.com\/wp-content\/uploads\/2021\/09\/Viajar-a-Colombia-Viajar-a-San-Andres-Fiesta-Tour-Bahia-Rumbero-con-Aventureros-360-1.svg\",\"width\":1300,\"height\":975},{\"@type\":\"BreadcrumbList\",\"@id\":\"https:\/\/amocartagenatour.com\/producto\/amocartagena-com-tours-bahia-noche-lancha-deportiva-cartagena\/#breadcrumb\",\"itemListElement\":[{\"@type\":\"ListItem\",\"position\":1,\"name\":\"Home\",\"item\":\"https:\/\/amocartagenatour.com\/\"},{\"@type\":\"ListItem\",\"position\":2,\"name\":\"Tienda\",\"item\":\"https:\/\/amocartagenatour.com\/tienda\/\"},{\"@type\":\"ListItem\",\"position\":3,\"name\":\"Tour Nocturno en Bote Deportivo\"}]},{\"@type\":\"WebSite\",\"@id\":\"https:\/\/amocartagenatour.com\/#website\",\"url\":\"https:\/\/amocartagenatour.com\/\",\"name\":\"Amo Cartagena Tour Company\",\"description\":\"Tours\ud83d\udccd Alquiler de Embarcaciones\ud83d\udea4 Pasad\u00edas\ud83c\udfdd\ufe0f Y M\u00e1s\u2728\",\"potentialAction\":[{\"@type\":\"SearchAction\",\"target\":{\"@type\":\"EntryPoint\",\"urlTemplate\":\"https:\/\/amocartagenatour.com\/?s={search_term_string}\"},\"query-input\":{\"@type\":\"PropertyValueSpecification\",\"valueRequired\":true,\"valueName\":\"search_term_string\"}}],\"inLanguage\":\"en-US\"}]}<\/script>\n<!-- \/ Yoast SEO plugin. -->","yoast_head_json":{"title":"Tour Bah\u00eda Cartagena | Barra Libre y Lancha Deportiva","description":"Vive la noche en Cartagena con el Tour Bah\u00eda Noche. 2 horas de navegaci\u00f3n, barra libre de ron y aguardiente, y m\u00fasica crossover. \u00a1Reserva tu fiesta hoy!","robots":{"index":"index","follow":"follow","max-snippet":"max-snippet:-1","max-image-preview":"max-image-preview:large","max-video-preview":"max-video-preview:-1"},"canonical":"https:\/\/amocartagenatour.com\/en\/producto\/amocartagena-com-tours-bahia-noche-lancha-deportiva-cartagena\/","og_locale":"en_US","og_type":"article","og_title":"Tour Bah\u00eda Cartagena | Barra Libre y Lancha Deportiva","og_description":"Vive la noche en Cartagena con el Tour Bah\u00eda Noche. 2 horas de navegaci\u00f3n, barra libre de ron y aguardiente, y m\u00fasica crossover. \u00a1Reserva tu fiesta hoy!","og_url":"https:\/\/amocartagenatour.com\/en\/producto\/amocartagena-com-tours-bahia-noche-lancha-deportiva-cartagena\/","og_site_name":"Amo Cartagena Tour Company","article_modified_time":"2026-02-26T02:45:05+00:00","twitter_card":"summary_large_image","twitter_misc":{"Est. reading time":"2 minutes"},"schema":{"@context":"https:\/\/schema.org","@graph":[{"@type":"WebPage","@id":"https:\/\/amocartagenatour.com\/producto\/amocartagena-com-tours-bahia-noche-lancha-deportiva-cartagena\/","url":"https:\/\/amocartagenatour.com\/producto\/amocartagena-com-tours-bahia-noche-lancha-deportiva-cartagena\/","name":"Tour Bah\u00eda Cartagena | Barra Libre y Lancha Deportiva","isPartOf":{"@id":"https:\/\/amocartagenatour.com\/#website"},"primaryImageOfPage":{"@id":"https:\/\/amocartagenatour.com\/producto\/amocartagena-com-tours-bahia-noche-lancha-deportiva-cartagena\/#primaryimage"},"image":{"@id":"https:\/\/amocartagenatour.com\/producto\/amocartagena-com-tours-bahia-noche-lancha-deportiva-cartagena\/#primaryimage"},"thumbnailUrl":"https:\/\/amocartagenatour.com\/wp-content\/uploads\/2021\/09\/Viajar-a-Colombia-Viajar-a-San-Andres-Fiesta-Tour-Bahia-Rumbero-con-Aventureros-360-1.svg","datePublished":"2021-09-21T03:22:33+00:00","dateModified":"2026-02-26T02:45:05+00:00","description":"Vive la noche en Cartagena con el Tour Bah\u00eda Noche. 2 horas de navegaci\u00f3n, barra libre de ron y aguardiente, y m\u00fasica crossover. \u00a1Reserva tu fiesta hoy!","breadcrumb":{"@id":"https:\/\/amocartagenatour.com\/producto\/amocartagena-com-tours-bahia-noche-lancha-deportiva-cartagena\/#breadcrumb"},"inLanguage":"en-US","potentialAction":[{"@type":"ReadAction","target":["https:\/\/amocartagenatour.com\/producto\/amocartagena-com-tours-bahia-noche-lancha-deportiva-cartagena\/"]}]},{"@type":"ImageObject","inLanguage":"en-US","@id":"https:\/\/amocartagenatour.com\/producto\/amocartagena-com-tours-bahia-noche-lancha-deportiva-cartagena\/#primaryimage","url":"https:\/\/amocartagenatour.com\/wp-content\/uploads\/2021\/09\/Viajar-a-Colombia-Viajar-a-San-Andres-Fiesta-Tour-Bahia-Rumbero-con-Aventureros-360-1.svg","contentUrl":"https:\/\/amocartagenatour.com\/wp-content\/uploads\/2021\/09\/Viajar-a-Colombia-Viajar-a-San-Andres-Fiesta-Tour-Bahia-Rumbero-con-Aventureros-360-1.svg","width":1300,"height":975},{"@type":"BreadcrumbList","@id":"https:\/\/amocartagenatour.com\/producto\/amocartagena-com-tours-bahia-noche-lancha-deportiva-cartagena\/#breadcrumb","itemListElement":[{"@type":"ListItem","position":1,"name":"Home","item":"https:\/\/amocartagenatour.com\/"},{"@type":"ListItem","position":2,"name":"Tienda","item":"https:\/\/amocartagenatour.com\/tienda\/"},{"@type":"ListItem","position":3,"name":"Tour Nocturno en Bote Deportivo"}]},{"@type":"WebSite","@id":"https:\/\/amocartagenatour.com\/#website","url":"https:\/\/amocartagenatour.com\/","name":"Amo Cartagena Tour Company","description":"Tours\ud83d\udccd Alquiler de Embarcaciones\ud83d\udea4 Pasad\u00edas\ud83c\udfdd\ufe0f Y M\u00e1s\u2728","potentialAction":[{"@type":"SearchAction","target":{"@type":"EntryPoint","urlTemplate":"https:\/\/amocartagenatour.com\/?s={search_term_string}"},"query-input":{"@type":"PropertyValueSpecification","valueRequired":true,"valueName":"search_term_string"}}],"inLanguage":"en-US"}]}},"_links":{"self":[{"href":"https:\/\/amocartagenatour.com\/en\/wp-json\/wp\/v2\/product\/78","targetHints":{"allow":["GET"]}}],"collection":[{"href":"https:\/\/amocartagenatour.com\/en\/wp-json\/wp\/v2\/product"}],"about":[{"href":"https:\/\/amocartagenatour.com\/en\/wp-json\/wp\/v2\/types\/product"}],"replies":[{"embeddable":true,"href":"https:\/\/amocartagenatour.com\/en\/wp-json\/wp\/v2\/comments?post=78"}],"version-history":[{"count":0,"href":"https:\/\/amocartagenatour.com\/en\/wp-json\/wp\/v2\/product\/78\/revisions"}],"wp:featuredmedia":[{"embeddable":true,"href":"https:\/\/amocartagenatour.com\/en\/wp-json\/wp\/v2\/media\/2896"}],"wp:attachment":[{"href":"https:\/\/amocartagenatour.com\/en\/wp-json\/wp\/v2\/media?parent=78"}],"wp:term":[{"taxonomy":"product_brand","embeddable":true,"href":"https:\/\/amocartagenatour.com\/en\/wp-json\/wp\/v2\/product_brand?post=78"},{"taxonomy":"product_cat","embeddable":true,"href":"https:\/\/amocartagenatour.com\/en\/wp-json\/wp\/v2\/product_cat?post=78"},{"taxonomy":"product_tag","embeddable":true,"href":"https:\/\/amocartagenatour.com\/en\/wp-json\/wp\/v2\/product_tag?post=78"}],"curies":[{"name":"wp","href":"https:\/\/api.w.org\/{rel}","templated":true}]}}